{"id":660,"date":"2024-02-19T22:41:01","date_gmt":"2024-02-19T21:41:01","guid":{"rendered":"https:\/\/wegrow.piw.gov.pl\/?page_id=660"},"modified":"2024-02-24T19:54:07","modified_gmt":"2024-02-24T18:54:07","slug":"afrykanski-pomor-swin","status":"publish","type":"page","link":"https:\/\/wegrow.piw.gov.pl\/index.php\/afrykanski-pomor-swin\/","title":{"rendered":"Afryka\u0144ski pom\u00f3r \u015bwi\u0144"},"content":{"rendered":"<div>\n<h3>Co to jest afryka\u0144ski pom\u00f3r \u015bwi\u0144?<\/h3>\n<\/div>\n<div>\n<p>Afryka\u0144ski pom\u00f3r (ASF) to szybko szerz\u0105ca si\u0119 choroba wirusowa, na kt\u00f3r\u0105 podatne s\u0105 \u015bwinie domowe oraz dziki.<br \/>Ludzie nie s\u0105 wra\u017cliwi na zaka\u017cenie wirusem ASF w zwi\u0105zku, z czym choroba ta nie stwarza zagro\u017cenia dla ich zdrowia i \u017cycia.<\/p>\n<p>Najcz\u0119\u015bciej wprowadzenie wirusa ASF do kraju wolnego od choroby nast\u0119puje poprzez transport, mi\u0119so, produkty mi\u0119sne, odpadki kuchenne i poubojowe, pochodz\u0105ce od chorych \u015bwi\u0144 i dzik\u00f3w.<\/p>\n<p>Najcz\u0119stsz\u0105 przyczyn\u0105 zaka\u017cenia \u015bwi\u0144 jest bezpo\u015bredni kontakt ze zwierz\u0119tami zaka\u017conymi lub zaka\u017conymi odpadkami \u017cywno\u015bciowymi.<br \/>W przypadku teren\u00f3w o wysokim zag\u0119szczeniu gospodarstw utrzymuj\u0105cych \u015bwinie, rozprzestrzenianie si\u0119 wirusa mi\u0119dzy gospodarstwami jest \u0142atwe, za po\u015brednictwem os\u00f3b odwiedzaj\u0105cych gospodarstwo lub zaka\u017conej paszy, wody czy narz\u0119dzi.<\/p>\n<p>Jak rozpozna\u0107 afryka\u0144ski pom\u00f3r \u015bwi\u0144?<br \/>U \u015bwi\u0144 mog\u0105 pojawi\u0107 si\u0119 nast\u0119puj\u0105ce objawy:<br \/>&#8211; Wysoka gor\u0105czka, z tym \u017ce gor\u0105czkuj\u0105ce \u015bwinie maj\u0105 pocz\u0105tkowo zachowany apetyt i zachowuj\u0105 si\u0119 normalnie<br \/>&#8211; Liczne padni\u0119cia \u015bwi\u0144 w ka\u017cdym wieku<br \/>&#8211; Sinica sk\u00f3ry, uszu, brzucha i bok\u00f3w cia\u0142a, drobne liczne wybroczyny na sk\u00f3rze<br \/>&#8211; Duszno\u015b\u0107, pienisty lub krwisty wyp\u0142yw z nosa<br \/>&#8211; Biegunka, cz\u0119sto z domieszk\u0105 krwi<br \/>Jak zapobiega\u0107 afryka\u0144skiemu pomorowi \u015bwi\u0144?<br \/>&#8211; Ograniczy\u0107 dost\u0119p osobom postronnym do pomieszcze\u0144 lub miejsc, w kt\u00f3rych znajduj\u0105 si\u0119 zwierz\u0119ta<br \/>&#8211; Zabezpieczy\u0107 swoje gospodarstwo przed przedostaniem si\u0119 dzik\u00f3w, zabezpieczy\u0107 pasz\u0119 przed dost\u0119pem zwierz\u0105t wolno \u017cyj\u0105cych<br \/>-Nie wprowadza\u0107 do gospodarstwa zwierz\u0105t niewiadomego pochodzenia \u2013 bez \u015bwiadectwa zdrowia lub wykazuj\u0105ce jakiekolwiek objawy os\u0142abienia<br \/>&#8211; Nie skarmia\u0107 zwierz\u0105t odpadkami \u017cywno\u015bci<br \/>&#8211; Stosowa\u0107 procedury sanitarne \u2013 utrzymywa\u0107 gospodarstwo w czysto\u015bci, dba\u0107 o czysto\u015b\u0107 sprz\u0119tu u\u017cywanego w gospodarstwie, stosowa\u0107 bie\u017c\u0105ce odka\u017canie, u\u017cywa\u0107 osobnego obuwia, odzie\u017cy ochronnej oraz narz\u0119dzi do obs\u0142ugi zwierz\u0105t.<br \/>Podejrzewasz wyst\u0105pienie afryka\u0144skiego pomoru \u015bwi\u0144?<br \/>Posiadacz zwierz\u0105t, kt\u00f3ry zauwa\u017cy\u0142 objawy nasuwaj\u0105ce podejrzenie choroby zaka\u017anej, jest zobowi\u0105zany do natychmiastowego zg\u0142oszenia podejrzenia choroby. Zg\u0142oszenie nale\u017cy przekaza\u0107 do powiatowego lekarza weterynarii bezpo\u015brednio, albo za po\u015brednictwem lekarza weterynarii opiekuj\u0105cego si\u0119 gospodarstwem lub w\u0142a\u015bciwego miejscowo organu terytorialnego (w\u00f3jta, burmistrza).<br \/>Zg\u0142osi\u0142e\u015b podejrzenie afryka\u0144skiego pomoru \u2013 co dalej?<br \/>Po dokonaniu zg\u0142oszenia- do czasu przybycia lekarza weterynarii \u2013 hodowca zwierz\u0105t zobowi\u0105zany jest do:<br \/>&#8211; Izolacji i strze\u017cenia w gospodarstwie wszystkich przebywaj\u0105cych tam zwierz\u0105t;<br \/>&#8211; Wstrzymania si\u0119 od wywo\u017cenia, wynoszenia i zbywania produkt\u00f3w z gospodarstwa, w szczeg\u00f3lno\u015bci mi\u0119sa, zw\u0142ok zwierz\u0119cych, \u015brodk\u00f3w \u017cywienia zwierz\u0105t, wody, \u015bci\u00f3\u0142ki, nawoz\u00f3w naturalnych;<br \/>&#8211; Uniemo\u017cliwienie dost\u0119pu osobom postronnym do pomieszcze\u0144 lub miejsc, w kt\u00f3rych znajduj\u0105 si\u0119 zwierz\u0119ta podejrzane o zaka\u017cenie lub chorob\u0119.<\/p>\n<p>Aktualna sytuacja w Polsce \u2013 mapy, obszary obj\u0119te restrykcjami i ograniczeniami, ogniska choroby u \u015bwi\u0144 i przypadki dzik\u00f3w<\/p>\n<p>Kliknij w obrazek i otw\u00f3rz aktualn\u0105 map\u0119<\/p>\n<\/div>\n<div>\n<p>    <img decoding=\"async\" src=\"\/wp-content\/uploads\/2024\/02\/mapa_ASF.png\" alt=\"\"><\/p>\n<p><a href=\"https:\/\/bip.wetgiw.gov.pl\/asf\/mapa\/\">Kliknij w map\u0119<\/a><\/p>\n<\/div>\n<p><iframe src=\"https:\/\/youtu.be\/O2dWXUfi1CQ\"><\/iframe><br \/>\n<a href=\"\/wp-content\/uploads\/2024\/02\/ulotka-ASF.jpg\"><img decoding=\"async\" src=\"\/wp-content\/uploads\/2024\/02\/ulotka-ASF.jpg\" alt=\"\"><\/a><\/p>\n<p><!--more--><br \/>\n<!-- {\"type\":\"layout\",\"children\":[{\"type\":\"section\",\"props\":{\"image_position\":\"center-center\",\"style\":\"default\",\"title_breakpoint\":\"xl\",\"title_position\":\"top-left\",\"title_rotation\":\"left\",\"vertical_align\":\"middle\",\"width\":\"default\"},\"children\":[{\"type\":\"row\",\"children\":[{\"type\":\"column\",\"props\":{\"image_position\":\"center-center\",\"position_sticky_breakpoint\":\"m\"},\"children\":[{\"type\":\"text\",\"props\":{\"column_breakpoint\":\"m\",\"content\":\"\n\n<h3>Co to jest afryka\\u0144ski pom\\u00f3r \\u015bwi\\u0144?<\\\/h3>\",\"margin\":\"default\"}},{\"type\":\"text\",\"props\":{\"column_breakpoint\":\"m\",\"content\":\"\n\n<p>Afryka\\u0144ski pom\\u00f3r (ASF) to szybko szerz\\u0105ca si\\u0119 choroba wirusowa, na kt\\u00f3r\\u0105 podatne s\\u0105 \\u015bwinie domowe oraz dziki.<br \\\/>Ludzie nie s\\u0105 wra\\u017cliwi na zaka\\u017cenie wirusem ASF w zwi\\u0105zku, z czym choroba ta nie stwarza zagro\\u017cenia dla ich zdrowia i \\u017cycia.<\\\/p>\\n\n\n<p>Najcz\\u0119\\u015bciej wprowadzenie wirusa ASF do kraju wolnego od choroby nast\\u0119puje poprzez transport, mi\\u0119so, produkty mi\\u0119sne, odpadki kuchenne i poubojowe, pochodz\\u0105ce od chorych \\u015bwi\\u0144 i dzik\\u00f3w.<\\\/p>\\n\n\n<p>Najcz\\u0119stsz\\u0105 przyczyn\\u0105 zaka\\u017cenia \\u015bwi\\u0144 jest bezpo\\u015bredni kontakt ze zwierz\\u0119tami zaka\\u017conymi lub zaka\\u017conymi odpadkami \\u017cywno\\u015bciowymi.<br \\\/>W przypadku teren\\u00f3w o wysokim zag\\u0119szczeniu gospodarstw utrzymuj\\u0105cych \\u015bwinie, rozprzestrzenianie si\\u0119 wirusa mi\\u0119dzy gospodarstwami jest \\u0142atwe, za po\\u015brednictwem os\\u00f3b odwiedzaj\\u0105cych gospodarstwo lub zaka\\u017conej paszy, wody czy narz\\u0119dzi.<\\\/p>\\n\n\n<p>Jak rozpozna\\u0107 afryka\\u0144ski pom\\u00f3r \\u015bwi\\u0144?<br \\\/>U \\u015bwi\\u0144 mog\\u0105 pojawi\\u0107 si\\u0119 nast\\u0119puj\\u0105ce objawy:<br \\\/>- Wysoka gor\\u0105czka, z tym \\u017ce gor\\u0105czkuj\\u0105ce \\u015bwinie maj\\u0105 pocz\\u0105tkowo zachowany apetyt i zachowuj\\u0105 si\\u0119 normalnie<br \\\/>- Liczne padni\\u0119cia \\u015bwi\\u0144 w ka\\u017cdym wieku<br \\\/>- Sinica sk\\u00f3ry, uszu, brzucha i bok\\u00f3w cia\\u0142a, drobne liczne wybroczyny na sk\\u00f3rze<br \\\/>- Duszno\\u015b\\u0107, pienisty lub krwisty wyp\\u0142yw z nosa<br \\\/>- Biegunka, cz\\u0119sto z domieszk\\u0105 krwi<br \\\/>Jak zapobiega\\u0107 afryka\\u0144skiemu pomorowi \\u015bwi\\u0144?<br \\\/>- Ograniczy\\u0107 dost\\u0119p osobom postronnym do pomieszcze\\u0144 lub miejsc, w kt\\u00f3rych znajduj\\u0105 si\\u0119 zwierz\\u0119ta<br \\\/>- Zabezpieczy\\u0107 swoje gospodarstwo przed przedostaniem si\\u0119 dzik\\u00f3w, zabezpieczy\\u0107 pasz\\u0119 przed dost\\u0119pem zwierz\\u0105t wolno \\u017cyj\\u0105cych<br \\\/>-Nie wprowadza\\u0107 do gospodarstwa zwierz\\u0105t niewiadomego pochodzenia \\u2013 bez \\u015bwiadectwa zdrowia lub wykazuj\\u0105ce jakiekolwiek objawy os\\u0142abienia<br \\\/>- Nie skarmia\\u0107 zwierz\\u0105t odpadkami \\u017cywno\\u015bci<br \\\/>- Stosowa\\u0107 procedury sanitarne \\u2013 utrzymywa\\u0107 gospodarstwo w czysto\\u015bci, dba\\u0107 o czysto\\u015b\\u0107 sprz\\u0119tu u\\u017cywanego w gospodarstwie, stosowa\\u0107 bie\\u017c\\u0105ce odka\\u017canie, u\\u017cywa\\u0107 osobnego obuwia, odzie\\u017cy ochronnej oraz narz\\u0119dzi do obs\\u0142ugi zwierz\\u0105t.<br \\\/>Podejrzewasz wyst\\u0105pienie afryka\\u0144skiego pomoru \\u015bwi\\u0144?<br \\\/>Posiadacz zwierz\\u0105t, kt\\u00f3ry zauwa\\u017cy\\u0142 objawy nasuwaj\\u0105ce podejrzenie choroby zaka\\u017anej, jest zobowi\\u0105zany do natychmiastowego zg\\u0142oszenia podejrzenia choroby. Zg\\u0142oszenie nale\\u017cy przekaza\\u0107 do powiatowego lekarza weterynarii bezpo\\u015brednio, albo za po\\u015brednictwem lekarza weterynarii opiekuj\\u0105cego si\\u0119 gospodarstwem lub w\\u0142a\\u015bciwego miejscowo organu terytorialnego (w\\u00f3jta, burmistrza).<br \\\/>Zg\\u0142osi\\u0142e\\u015b podejrzenie afryka\\u0144skiego pomoru \\u2013 co dalej?<br \\\/>Po dokonaniu zg\\u0142oszenia- do czasu przybycia lekarza weterynarii \\u2013 hodowca zwierz\\u0105t zobowi\\u0105zany jest do:<br \\\/>- Izolacji i strze\\u017cenia w gospodarstwie wszystkich przebywaj\\u0105cych tam zwierz\\u0105t;<br \\\/>- Wstrzymania si\\u0119 od wywo\\u017cenia, wynoszenia i zbywania produkt\\u00f3w z gospodarstwa, w szczeg\\u00f3lno\\u015bci mi\\u0119sa, zw\\u0142ok zwierz\\u0119cych, \\u015brodk\\u00f3w \\u017cywienia zwierz\\u0105t, wody, \\u015bci\\u00f3\\u0142ki, nawoz\\u00f3w naturalnych;<br \\\/>- Uniemo\\u017cliwienie dost\\u0119pu osobom postronnym do pomieszcze\\u0144 lub miejsc, w kt\\u00f3rych znajduj\\u0105 si\\u0119 zwierz\\u0119ta podejrzane o zaka\\u017cenie lub chorob\\u0119.<\\\/p>\\n\n\n<p>Aktualna sytuacja w Polsce \\u2013 mapy, obszary obj\\u0119te restrykcjami i ograniczeniami, ogniska choroby u \\u015bwi\\u0144 i przypadki dzik\\u00f3w<\\\/p>\\n\n\n<p>Kliknij w obrazek i otw\\u00f3rz aktualn\\u0105 map\\u0119<\\\/p>\",\"margin\":\"default\"}}]}],\"props\":{\"alignment\":\"center\"}},{\"type\":\"row\",\"props\":{\"layout\":\"1-4,1-2,1-4\"},\"children\":[{\"type\":\"column\",\"props\":{\"image_position\":\"center-center\",\"position_sticky_breakpoint\":\"m\",\"width_medium\":\"1-4\"}},{\"type\":\"column\",\"props\":{\"image_position\":\"center-center\",\"position_sticky_breakpoint\":\"m\",\"width_medium\":\"1-2\"},\"children\":[{\"type\":\"gallery\",\"props\":{\"filter_align\":\"left\",\"filter_all\":true,\"filter_grid_breakpoint\":\"m\",\"filter_grid_width\":\"auto\",\"filter_position\":\"top\",\"filter_style\":\"tab\",\"grid_default\":\"1\",\"grid_large\":\"1\",\"grid_medium\":\"1\",\"grid_small\":\"1\",\"grid_xlarge\":\"1\",\"item_animation\":true,\"link_style\":\"default\",\"link_target\":true,\"link_text\":\"Kliknij w map\\u0119\",\"margin\":\"default\",\"meta_align\":\"below-title\",\"meta_element\":\"div\",\"meta_style\":\"text-meta\",\"overlay_hover\":true,\"overlay_mode\":\"cover\",\"overlay_position\":\"center\",\"overlay_style\":\"overlay-primary\",\"overlay_transition\":\"fade\",\"show_content\":true,\"show_hover_image\":true,\"show_link\":true,\"show_meta\":true,\"show_title\":true,\"text_align\":\"center\",\"text_color\":\"light\",\"title_element\":\"h3\",\"title_hover_style\":\"reset\"},\"children\":[{\"type\":\"gallery_item\",\"props\":{\"image\":\"wp-content\\\/uploads\\\/2024\\\/02\\\/mapa_ASF.png\",\"link\":\"https:\\\/\\\/bip.wetgiw.gov.pl\\\/asf\\\/mapa\\\/\",\"title\":\"\"}}]}]},{\"type\":\"column\",\"props\":{\"image_position\":\"center-center\",\"position_sticky_breakpoint\":\"m\",\"width_medium\":\"1-4\"}}]},{\"type\":\"row\",\"props\":{\"layout\":\"1-2,1-2\"},\"children\":[{\"type\":\"column\",\"props\":{\"image_position\":\"center-center\",\"position_sticky_breakpoint\":\"m\",\"width_medium\":\"1-2\"},\"children\":[{\"type\":\"video\",\"props\":{\"margin\":\"default\",\"video\":\"https:\\\/\\\/youtu.be\\\/O2dWXUfi1CQ\",\"video_controls\":true,\"video_height\":\"300\"}}]},{\"type\":\"column\",\"props\":{\"image_position\":\"center-center\",\"position_sticky_breakpoint\":\"m\",\"width_medium\":\"1-2\"},\"children\":[{\"type\":\"image\",\"props\":{\"image\":\"wp-content\\\/uploads\\\/2024\\\/02\\\/ulotka-ASF.jpg\",\"image_height\":300,\"image_svg_color\":\"emphasis\",\"link\":\"wp-content\\\/uploads\\\/2024\\\/02\\\/ulotka-ASF.jpg\",\"link_target\":\"modal\",\"margin\":\"default\"}}]}]}]}],\"version\":\"4.3.4\"} --><\/p>\n","protected":false},"excerpt":{"rendered":"<p>Co to jest afryka\u0144ski pom\u00f3r \u015bwi\u0144? Afryka\u0144ski pom\u00f3r (ASF) to szybko szerz\u0105ca si\u0119 choroba wirusowa, na kt\u00f3r\u0105 podatne s\u0105 \u015bwinie domowe oraz dziki.Ludzie nie s\u0105 wra\u017cliwi na zaka\u017cenie wirusem ASF w zwi\u0105zku, z czym choroba ta nie stwarza zagro\u017cenia dla ich zdrowia i \u017cycia. Najcz\u0119\u015bciej wprowadzenie wirusa ASF do kraju wolnego od choroby nast\u0119puje poprzez [&hellip;]<\/p>\n","protected":false},"author":1,"featured_media":0,"parent":0,"menu_order":0,"comment_status":"closed","ping_status":"closed","template":"","meta":{"footnotes":""},"class_list":["post-660","page","type-page","status-publish","hentry"],"_links":{"self":[{"href":"https:\/\/wegrow.piw.gov.pl\/index.php\/wp-json\/wp\/v2\/pages\/660","targetHints":{"allow":["GET"]}}],"collection":[{"href":"https:\/\/wegrow.piw.gov.pl\/index.php\/wp-json\/wp\/v2\/pages"}],"about":[{"href":"https:\/\/wegrow.piw.gov.pl\/index.php\/wp-json\/wp\/v2\/types\/page"}],"author":[{"embeddable":true,"href":"https:\/\/wegrow.piw.gov.pl\/index.php\/wp-json\/wp\/v2\/users\/1"}],"replies":[{"embeddable":true,"href":"https:\/\/wegrow.piw.gov.pl\/index.php\/wp-json\/wp\/v2\/comments?post=660"}],"version-history":[{"count":29,"href":"https:\/\/wegrow.piw.gov.pl\/index.php\/wp-json\/wp\/v2\/pages\/660\/revisions"}],"predecessor-version":[{"id":914,"href":"https:\/\/wegrow.piw.gov.pl\/index.php\/wp-json\/wp\/v2\/pages\/660\/revisions\/914"}],"wp:attachment":[{"href":"https:\/\/wegrow.piw.gov.pl\/index.php\/wp-json\/wp\/v2\/media?parent=660"}],"curies":[{"name":"wp","href":"https:\/\/api.w.org\/{rel}","templated":true}]}}