{"id":530,"date":"2024-01-29T12:07:37","date_gmt":"2024-01-29T11:07:37","guid":{"rendered":"https:\/\/wegrow.piw.gov.pl\/?page_id=530"},"modified":"2024-03-14T10:35:46","modified_gmt":"2024-03-14T09:35:46","slug":"ochrona-zwierzat","status":"publish","type":"page","link":"https:\/\/wegrow.piw.gov.pl\/index.php\/ochrona-zwierzat\/","title":{"rendered":"Ochrona zwierz\u0105t"},"content":{"rendered":"<div>\n<h3>OCHRONA ZWIERZ\u0104T<\/h3>\n<\/div>\n<div>\n<p><strong>\u201eZwierz\u0119, jako istota \u017cyj\u0105ca, zdolna do odczuwania cierpienia, nie jest rzecz\u0105. Cz\u0142owiek jest mu winien poszanowanie, ochron\u0119 i opiek\u0119&#8221;<\/strong><\/p>\n<\/div>\n<div>\n<p>art. 1 ust. 1 ustawy z dnia 21 sierpnia 1997 r. o ochronie zwierz\u0105t.<\/p>\n<\/div>\n<table>\n<tbody>\n<tr>\n<td>USTAWA z dnia 21 sierpnia 1997 r. O OCHRONIE ZWIERZ\u0104T<\/td>\n<td>\n        <a href=\"https:\/\/wegrow.piw.gov.pl\/wp-content\/uploads\/2024\/02\/USTAWA-O-OCHRONIE-ZWIERZAT.pdf\">Pobierz<\/a>\n    <\/td>\n<\/tr>\n<\/tbody>\n<\/table>\n<div>\n<p>POWIATOWY LEKARZ WETERYNARII W W\u0118GROWIE PRZYPOMINA O WARUNKACH JAKIE NALE\u017bY ZAPEWNI\u0106 PSOM UTRZYMYWANYM NA DWORZE.\u00a0<\/p>\n<\/div>\n<div>\n<p>    <img decoding=\"async\" src=\"\/wp-content\/uploads\/2024\/02\/Wytyczne-utrzymywania-psow-na-dworze.jpg\" alt=\"\"><\/p>\n<p><img decoding=\"async\" src=\"\/wp-content\/uploads\/2024\/02\/Wytyczne-utrzymywania-psow-na-dworze.jpg\" alt><\/p>\n<\/div>\n<p><!--more--><br \/>\n<!-- {\"type\":\"layout\",\"children\":[{\"type\":\"section\",\"props\":{\"image_position\":\"center-center\",\"style\":\"default\",\"title_breakpoint\":\"xl\",\"title_position\":\"top-left\",\"title_rotation\":\"left\",\"vertical_align\":\"middle\",\"width\":\"default\"},\"children\":[{\"type\":\"row\",\"children\":[{\"type\":\"column\",\"props\":{\"image_position\":\"center-center\",\"position_sticky_breakpoint\":\"m\"},\"children\":[{\"type\":\"text\",\"props\":{\"column_breakpoint\":\"m\",\"content\":\"\n\n<h3>OCHRONA ZWIERZ\\u0104T<\\\/h3>\",\"margin\":\"default\"}},{\"type\":\"text\",\"props\":{\"column_breakpoint\":\"m\",\"content\":\"\n\n<p><strong>\\u201eZwierz\\u0119, jako istota \\u017cyj\\u0105ca, zdolna do odczuwania cierpienia, nie jest rzecz\\u0105. Cz\\u0142owiek jest mu winien poszanowanie, ochron\\u0119 i opiek\\u0119\\\"<\\\/strong><\\\/p>\",\"dropcap\":false,\"margin\":\"default\",\"text_color\":\"danger\",\"text_style\":\"lead\"}},{\"type\":\"text\",\"props\":{\"column_breakpoint\":\"m\",\"content\":\"\n\n<p>art. 1 ust. 1 ustawy z dnia 21 sierpnia 1997 r. o ochronie zwierz\\u0105t.<\\\/p>\",\"margin\":\"default\"}},{\"name\":\"Lista dokument\\u00f3w\",\"type\":\"table\",\"children\":[{\"type\":\"table_item\",\"props\":{\"content\":\"\",\"link\":\"https:\\\/\\\/wegrow.piw.gov.pl\\\/wp-content\\\/uploads\\\/2024\\\/02\\\/USTAWA-O-OCHRONIE-ZWIERZAT.pdf\",\"link_text\":\"Pobierz\",\"meta\":\"\",\"title\":\"USTAWA z dnia 21 sierpnia 1997 r. O OCHRONIE ZWIERZ\\u0104T\"}}],\"props\":{\"image_svg_color\":\"emphasis\",\"link_fullwidth\":true,\"link_style\":\"secondary\",\"link_target\":true,\"link_text\":\"Pobierz\",\"margin_remove_top\":false,\"meta_style\":\"\",\"show_content\":false,\"show_image\":true,\"show_link\":true,\"show_meta\":false,\"show_title\":true,\"table_hover\":false,\"table_justify\":true,\"table_last_align\":\"right\",\"table_order\":\"1\",\"table_responsive\":\"responsive\",\"table_size\":\"large\",\"table_style\":\"divider\",\"table_vertical_align\":false,\"table_width_content\":\"medium\",\"table_width_meta\":\"small\",\"table_width_title\":\"medium\",\"text_align\":\"left\",\"text_align_breakpoint\":\"m\",\"text_align_fallback\":\"center\",\"title_style\":\"h4\"}},{\"type\":\"text\",\"props\":{\"column_breakpoint\":\"m\",\"content\":\"\n\n<p>POWIATOWY LEKARZ WETERYNARII W W\\u0118GROWIE PRZYPOMINA O WARUNKACH JAKIE NALE\\u017bY ZAPEWNI\\u0106 PSOM UTRZYMYWANYM NA DWORZE.\\u00a0<\\\/p>\",\"margin\":\"default\"}},{\"type\":\"gallery\",\"props\":{\"filter_align\":\"left\",\"filter_all\":true,\"filter_grid_breakpoint\":\"m\",\"filter_grid_width\":\"auto\",\"filter_position\":\"top\",\"filter_style\":\"tab\",\"grid_default\":\"1\",\"grid_large\":\"1\",\"grid_medium\":\"1\",\"grid_small\":\"1\",\"grid_xlarge\":\"1\",\"item_animation\":true,\"item_maxwidth\":\"medium\",\"lightbox\":true,\"lightbox_image_orientation\":true,\"link_style\":\"default\",\"link_text\":\"Kliknij aby powi\\u0119kszy\\u0107\",\"margin\":\"default\",\"meta_align\":\"below-title\",\"meta_element\":\"div\",\"meta_style\":\"text-meta\",\"overlay_hover\":true,\"overlay_mode\":\"cover\",\"overlay_position\":\"center\",\"overlay_style\":\"overlay-primary\",\"overlay_transition\":\"fade\",\"show_content\":true,\"show_hover_image\":true,\"show_link\":true,\"show_meta\":true,\"show_title\":true,\"text_align\":\"center\",\"text_color\":\"light\",\"title_element\":\"h3\",\"title_hover_style\":\"reset\"},\"children\":[{\"type\":\"gallery_item\",\"props\":{\"content\":\"\",\"hover_image\":\"wp-content\\\/uploads\\\/2024\\\/02\\\/Wytyczne-utrzymywania-psow-na-dworze.jpg\",\"image\":\"wp-content\\\/uploads\\\/2024\\\/02\\\/Wytyczne-utrzymywania-psow-na-dworze.jpg\",\"meta\":\"\",\"text_color_hover\":false,\"title\":\"\"}}]}]}]}]}],\"version\":\"4.3.5\"} --><\/p>\n","protected":false},"excerpt":{"rendered":"<p>OCHRONA ZWIERZ\u0104T \u201eZwierz\u0119, jako istota \u017cyj\u0105ca, zdolna do odczuwania cierpienia, nie jest rzecz\u0105. Cz\u0142owiek jest mu winien poszanowanie, ochron\u0119 i opiek\u0119&#8221; art. 1 ust. 1 ustawy z dnia 21 sierpnia 1997 r. o ochronie zwierz\u0105t. USTAWA z dnia 21 sierpnia 1997 r. O OCHRONIE ZWIERZ\u0104T Pobierz POWIATOWY LEKARZ WETERYNARII W W\u0118GROWIE PRZYPOMINA O WARUNKACH JAKIE [&hellip;]<\/p>\n","protected":false},"author":1,"featured_media":0,"parent":0,"menu_order":0,"comment_status":"closed","ping_status":"closed","template":"","meta":{"footnotes":""},"class_list":["post-530","page","type-page","status-publish","hentry"],"_links":{"self":[{"href":"https:\/\/wegrow.piw.gov.pl\/index.php\/wp-json\/wp\/v2\/pages\/530","targetHints":{"allow":["GET"]}}],"collection":[{"href":"https:\/\/wegrow.piw.gov.pl\/index.php\/wp-json\/wp\/v2\/pages"}],"about":[{"href":"https:\/\/wegrow.piw.gov.pl\/index.php\/wp-json\/wp\/v2\/types\/page"}],"author":[{"embeddable":true,"href":"https:\/\/wegrow.piw.gov.pl\/index.php\/wp-json\/wp\/v2\/users\/1"}],"replies":[{"embeddable":true,"href":"https:\/\/wegrow.piw.gov.pl\/index.php\/wp-json\/wp\/v2\/comments?post=530"}],"version-history":[{"count":57,"href":"https:\/\/wegrow.piw.gov.pl\/index.php\/wp-json\/wp\/v2\/pages\/530\/revisions"}],"predecessor-version":[{"id":1065,"href":"https:\/\/wegrow.piw.gov.pl\/index.php\/wp-json\/wp\/v2\/pages\/530\/revisions\/1065"}],"wp:attachment":[{"href":"https:\/\/wegrow.piw.gov.pl\/index.php\/wp-json\/wp\/v2\/media?parent=530"}],"curies":[{"name":"wp","href":"https:\/\/api.w.org\/{rel}","templated":true}]}}