{"id":513,"date":"2024-01-22T09:10:32","date_gmt":"2024-01-22T08:10:32","guid":{"rendered":"https:\/\/wegrow.piw.gov.pl\/?page_id=513"},"modified":"2024-09-06T15:56:50","modified_gmt":"2024-09-06T13:56:50","slug":"pliki-do-pobrania-choroby-drobiu","status":"publish","type":"page","link":"https:\/\/wegrow.piw.gov.pl\/index.php\/pliki-do-pobrania-choroby-drobiu\/","title":{"rendered":"Pliki do pobrania &#8211; choroby drobiu"},"content":{"rendered":"<h1>\n<h4>DR\u00d3B &#8211; pliki do pobrania<\/h4>\n<\/h1>\n<table>\n<tbody>\n<tr>\n<td>Harmonogram Salmonella Kury Nioski<\/td>\n<td>PDF<\/td>\n<td>\n        <a href=\"https:\/\/wegrow.piw.gov.pl\/wp-content\/uploads\/2024\/02\/USTAWA-O-OCHRONIE-ZWIERZAT.pdf\">Pobierz<\/a>\n    <\/td>\n<\/tr>\n<tr>\n<td>Harmonogram Salmonella Kury Reprodukcyjne <\/td>\n<td>DOC<\/td>\n<td>\n        <a href=\"https:\/\/wegrow.piw.gov.pl\/wp-content\/uploads\/2024\/01\/Harmonogram-Salmonella-Kury-Reprodukcyjne-1.docx\">Pobierz<\/a>\n    <\/td>\n<\/tr>\n<tr>\n<td>WNIOSEK O REJESTRACJE zak\u0142ad utrzymuj\u0105cy zwierz\u0119ta l\u0105dowe dr\u00f3b przyzagrodowy<\/td>\n<td>DOC<\/td>\n<td>\n        <a href=\"\/wp-content\/uploads\/2024\/05\/WNIOSEK-O-REJESTRACJE-zaklad-utrzymujacy-zwierzeta-ladowe-%E2%80%93-drob-przyzagrodowy-lub-inne-ptaki-1.docx\">Pobierz<\/a>\n    <\/td>\n<\/tr>\n<tr>\n<td>Zasady pobierania pr\u00f3b salmonella <\/td>\n<td>DOC<\/td>\n<td>\n        <a href=\"https:\/\/wegrow.piw.gov.pl\/wp-content\/uploads\/2024\/01\/Zasady-pobierania-prob-salmonella-1.docx\">Pobierz<\/a>\n    <\/td>\n<\/tr>\n<tr>\n<td>Zawiadomienie LIKWIDACJA STADA <\/td>\n<td>DOC<\/td>\n<td>\n        <a href=\"https:\/\/wegrow.piw.gov.pl\/wp-content\/uploads\/2024\/01\/zawiadomienie-LIKWIDACJA-STADA-1.docx\">Pobierz<\/a>\n    <\/td>\n<\/tr>\n<tr>\n<td>Zawiadomienie o wstawieniu KURY NIOSKI <\/td>\n<td>DOC<\/td>\n<td>\n        <a href=\"https:\/\/wegrow.piw.gov.pl\/wp-content\/uploads\/2024\/01\/Zawiadomienie-o-wstawieniu-KURY-NIOSKI-1.docx\">Pobierz<\/a>\n    <\/td>\n<\/tr>\n<tr>\n<td>Zawiadomienie o wstawieniu REPRODUKCJA <\/td>\n<td>DOC<\/td>\n<td>\n        <a href=\"https:\/\/wegrow.piw.gov.pl\/wp-content\/uploads\/2024\/01\/Zawiadomienie-o-wstawieniu-REPRODUKCJA-1.docx\">Pobierz<\/a>\n    <\/td>\n<\/tr>\n<tr>\n<td>Zawiadomienie PRZENIESIENIE Z ODCHOWALNI<\/td>\n<td>DOC<\/td>\n<td>\n        <a href=\"https:\/\/wegrow.piw.gov.pl\/wp-content\/uploads\/2024\/01\/zawiadomienie-PRZENIESIENIE-Z-ODCHOWALNI-1.docx\">Pobierz<\/a>\n    <\/td>\n<\/tr>\n<tr>\n<td>Zawiadomienie UBI\u00d3RKA <\/td>\n<td>DOC<\/td>\n<td>\n        <a href=\"https:\/\/wegrow.piw.gov.pl\/wp-content\/uploads\/2024\/01\/zawiadomienie-UBIORKA-1.docx\">Pobierz<\/a>\n    <\/td>\n<\/tr>\n<tr>\n<td>Zawiadomienie wstawienie DR\u00d3B RZE\u0179NY <\/td>\n<td>DOC<\/td>\n<td>\n        <a href=\"https:\/\/wegrow.piw.gov.pl\/wp-content\/uploads\/2024\/01\/zawiadomienie-wstawienie-DROB-RZEZNY-1.docx\">Pobierz<\/a>\n    <\/td>\n<\/tr>\n<tr>\n<td>Zg\u0142oszenie miejsca utrzymywania drobiu lub innych ptak\u00f3w<\/td>\n<td>DOC<\/td>\n<td>\n        <a href=\"\/wp-content\/uploads\/2024\/05\/ZGLOSZENIE-MIEJSCA-UTRZYMYWANIA-DROBIU-LUB-INNYCH-PTAKOW-1.docx\">Pobierz<\/a>\n    <\/td>\n<\/tr>\n<tr>\n<td>Wniosek o \u015bwiadectwo urz\u0119dowe dla drobiu &#8211; do rze\u017ani<\/td>\n<td>DOC<\/td>\n<td>\n        <a href=\"\/wp-content\/uploads\/2024\/09\/Wniosek-o-swiadectwo-urzedowe-dla-drobiu-do-rzezni.docx\">Pobierz<\/a>\n    <\/td>\n<\/tr>\n<\/tbody>\n<\/table>\n<p><!--more--><br \/>\n<!-- {\"type\":\"layout\",\"children\":[{\"type\":\"section\",\"props\":{\"image_position\":\"center-center\",\"style\":\"default\",\"title_breakpoint\":\"xl\",\"title_position\":\"top-left\",\"title_rotation\":\"left\",\"vertical_align\":\"\",\"width\":\"default\"},\"children\":[{\"type\":\"row\",\"children\":[{\"type\":\"column\",\"props\":{\"image_position\":\"center-center\",\"position_sticky_breakpoint\":\"m\"},\"children\":[{\"type\":\"headline\",\"props\":{\"content\":\"\n\n<h4>DR\\u00d3B - pliki do pobrania<\\\/h4>\",\"margin_remove_bottom\":false,\"margin_remove_top\":false,\"text_align\":\"center\",\"title_decoration\":\"line\",\"title_element\":\"h1\"}},{\"name\":\"Lista dokument\\u00f3w\",\"type\":\"table\",\"children\":[{\"type\":\"table_item\",\"props\":{\"link\":\"https:\\\/\\\/wegrow.piw.gov.pl\\\/wp-content\\\/uploads\\\/2024\\\/02\\\/USTAWA-O-OCHRONIE-ZWIERZAT.pdf\",\"meta\":\"PDF\",\"title\":\"Harmonogram Salmonella Kury Nioski\"}},{\"type\":\"table_item\",\"props\":{\"link\":\"https:\\\/\\\/wegrow.piw.gov.pl\\\/wp-content\\\/uploads\\\/2024\\\/01\\\/Harmonogram-Salmonella-Kury-Reprodukcyjne-1.docx\",\"meta\":\"DOC\",\"title\":\"Harmonogram Salmonella Kury Reprodukcyjne \"}},{\"type\":\"table_item\",\"props\":{\"link\":\"wp-content\\\/uploads\\\/2024\\\/05\\\/WNIOSEK-O-REJESTRACJE-zaklad-utrzymujacy-zwierzeta-ladowe-\\u2013-drob-przyzagrodowy-lub-inne-ptaki-1.docx\",\"meta\":\"DOC\",\"title\":\"WNIOSEK O REJESTRACJE zak\\u0142ad utrzymuj\\u0105cy zwierz\\u0119ta l\\u0105dowe dr\\u00f3b przyzagrodowy\"}},{\"type\":\"table_item\",\"props\":{\"link\":\"https:\\\/\\\/wegrow.piw.gov.pl\\\/wp-content\\\/uploads\\\/2024\\\/01\\\/Zasady-pobierania-prob-salmonella-1.docx\",\"meta\":\"DOC\",\"title\":\"Zasady pobierania pr\\u00f3b salmonella \"}},{\"type\":\"table_item\",\"props\":{\"link\":\"https:\\\/\\\/wegrow.piw.gov.pl\\\/wp-content\\\/uploads\\\/2024\\\/01\\\/zawiadomienie-LIKWIDACJA-STADA-1.docx\",\"meta\":\"DOC\",\"title\":\"Zawiadomienie LIKWIDACJA STADA \"}},{\"type\":\"table_item\",\"props\":{\"link\":\"https:\\\/\\\/wegrow.piw.gov.pl\\\/wp-content\\\/uploads\\\/2024\\\/01\\\/Zawiadomienie-o-wstawieniu-KURY-NIOSKI-1.docx\",\"meta\":\"DOC\",\"title\":\"Zawiadomienie o wstawieniu KURY NIOSKI \"}},{\"type\":\"table_item\",\"props\":{\"link\":\"https:\\\/\\\/wegrow.piw.gov.pl\\\/wp-content\\\/uploads\\\/2024\\\/01\\\/Zawiadomienie-o-wstawieniu-REPRODUKCJA-1.docx\",\"meta\":\"DOC\",\"title\":\"Zawiadomienie o wstawieniu REPRODUKCJA \"}},{\"type\":\"table_item\",\"props\":{\"link\":\"https:\\\/\\\/wegrow.piw.gov.pl\\\/wp-content\\\/uploads\\\/2024\\\/01\\\/zawiadomienie-PRZENIESIENIE-Z-ODCHOWALNI-1.docx\",\"meta\":\"DOC\",\"title\":\"Zawiadomienie PRZENIESIENIE Z ODCHOWALNI\"}},{\"type\":\"table_item\",\"props\":{\"link\":\"https:\\\/\\\/wegrow.piw.gov.pl\\\/wp-content\\\/uploads\\\/2024\\\/01\\\/zawiadomienie-UBIORKA-1.docx\",\"meta\":\"DOC\",\"title\":\"Zawiadomienie UBI\\u00d3RKA \"}},{\"type\":\"table_item\",\"props\":{\"link\":\"https:\\\/\\\/wegrow.piw.gov.pl\\\/wp-content\\\/uploads\\\/2024\\\/01\\\/zawiadomienie-wstawienie-DROB-RZEZNY-1.docx\",\"meta\":\"DOC\",\"title\":\"Zawiadomienie wstawienie DR\\u00d3B RZE\\u0179NY \"}},{\"type\":\"table_item\",\"props\":{\"link\":\"wp-content\\\/uploads\\\/2024\\\/05\\\/ZGLOSZENIE-MIEJSCA-UTRZYMYWANIA-DROBIU-LUB-INNYCH-PTAKOW-1.docx\",\"meta\":\"DOC\",\"title\":\"Zg\\u0142oszenie miejsca utrzymywania drobiu lub innych ptak\\u00f3w\"}},{\"type\":\"table_item\",\"props\":{\"link\":\"wp-content\\\/uploads\\\/2024\\\/09\\\/Wniosek-o-swiadectwo-urzedowe-dla-drobiu-do-rzezni.docx\",\"meta\":\"DOC\",\"title\":\"Wniosek o \\u015bwiadectwo urz\\u0119dowe dla drobiu - do rze\\u017ani\"}}],\"props\":{\"image_svg_color\":\"emphasis\",\"link_fullwidth\":true,\"link_style\":\"secondary\",\"link_target\":true,\"link_text\":\"Pobierz\",\"margin_remove_top\":false,\"meta_style\":\"\",\"show_content\":false,\"show_image\":false,\"show_link\":true,\"show_meta\":true,\"show_title\":true,\"table_hover\":false,\"table_justify\":true,\"table_last_align\":\"right\",\"table_order\":\"5\",\"table_responsive\":\"responsive\",\"table_size\":\"large\",\"table_style\":\"divider\",\"table_vertical_align\":false,\"table_width_content\":\"medium\",\"table_width_meta\":\"small\",\"table_width_title\":\"medium\",\"text_align\":\"left\",\"text_align_breakpoint\":\"m\",\"text_align_fallback\":\"center\",\"title_style\":\"h4\"}}]}]}]}],\"version\":\"4.4.4\"} --><\/p>\n","protected":false},"excerpt":{"rendered":"<p>DR\u00d3B &#8211; pliki do pobrania Harmonogram Salmonella Kury Nioski PDF Pobierz Harmonogram Salmonella Kury Reprodukcyjne DOC Pobierz WNIOSEK O REJESTRACJE zak\u0142ad utrzymuj\u0105cy zwierz\u0119ta l\u0105dowe dr\u00f3b przyzagrodowy DOC Pobierz Zasady pobierania pr\u00f3b salmonella DOC Pobierz Zawiadomienie LIKWIDACJA STADA DOC Pobierz Zawiadomienie o wstawieniu KURY NIOSKI DOC Pobierz Zawiadomienie o wstawieniu REPRODUKCJA DOC Pobierz Zawiadomienie PRZENIESIENIE Z [&hellip;]<\/p>\n","protected":false},"author":1,"featured_media":0,"parent":0,"menu_order":0,"comment_status":"closed","ping_status":"closed","template":"","meta":{"footnotes":""},"class_list":["post-513","page","type-page","status-publish","hentry"],"_links":{"self":[{"href":"https:\/\/wegrow.piw.gov.pl\/index.php\/wp-json\/wp\/v2\/pages\/513","targetHints":{"allow":["GET"]}}],"collection":[{"href":"https:\/\/wegrow.piw.gov.pl\/index.php\/wp-json\/wp\/v2\/pages"}],"about":[{"href":"https:\/\/wegrow.piw.gov.pl\/index.php\/wp-json\/wp\/v2\/types\/page"}],"author":[{"embeddable":true,"href":"https:\/\/wegrow.piw.gov.pl\/index.php\/wp-json\/wp\/v2\/users\/1"}],"replies":[{"embeddable":true,"href":"https:\/\/wegrow.piw.gov.pl\/index.php\/wp-json\/wp\/v2\/comments?post=513"}],"version-history":[{"count":42,"href":"https:\/\/wegrow.piw.gov.pl\/index.php\/wp-json\/wp\/v2\/pages\/513\/revisions"}],"predecessor-version":[{"id":1456,"href":"https:\/\/wegrow.piw.gov.pl\/index.php\/wp-json\/wp\/v2\/pages\/513\/revisions\/1456"}],"wp:attachment":[{"href":"https:\/\/wegrow.piw.gov.pl\/index.php\/wp-json\/wp\/v2\/media?parent=513"}],"curies":[{"name":"wp","href":"https:\/\/api.w.org\/{rel}","templated":true}]}}