{"id":442,"date":"2024-01-16T23:43:40","date_gmt":"2024-01-16T22:43:40","guid":{"rendered":"https:\/\/wegrow.piw.gov.pl\/?page_id=442"},"modified":"2024-04-05T13:09:48","modified_gmt":"2024-04-05T11:09:48","slug":"grypa-ptakow","status":"publish","type":"page","link":"https:\/\/wegrow.piw.gov.pl\/index.php\/grypa-ptakow\/","title":{"rendered":"GRYPA PTAK\u00d3W"},"content":{"rendered":"<h1>\n<h3>GRYPA PTAK\u00d3W<\/h3>\n<\/h1>\n<div>\n<p>Zaka\u017ana i zara\u017aliwa wirusowa choroba ptak\u00f3w wywo\u0142ana przez wirusy grypy (influenzy) typu A (Influenzavirus A), nale\u017c\u0105ce do rodziny Orthomyxoviridae \u2013 jeden z najbardziej zmiennych wirus\u00f3w w przyrodzie. Choroba posiadaj\u0105ca potencja\u0142 zoonotyczny.<br \/>Obraz kliniczny u ptak\u00f3w jest bardzo r\u00f3\u017cnorodny, od zaka\u017ce\u0144 bezobjawowych, po chorob\u0119 o bardzo gwa\u0142townym, systemowym przebiegu i wysokiej \u015bmiertelno\u015bci .<br \/>Wirusy grypy charakteryzuj\u0105 si\u0119 du\u017cym stopniem zmienno\u015bci genetycznej, a to sprawia, \u017ce skuteczno\u015b\u0107 szczepionek jest bardzo ograniczona.<br \/>Grypa ptak\u00f3w jest wirusow\u0105 chorob\u0105 drobiu o bardzo du\u017cym znaczeniu ekonomicznym.<\/p>\n<\/div>\n<div>\n<h5>AKTUALNA SYTUACJA W POLSCE \u2013 MAPA OGNISK<\/h5>\n<\/div>\n<div>\n<p>    <img decoding=\"async\" src=\"\/wp-content\/uploads\/2024\/02\/mapa_grypa_ptakow.png\" alt=\"\"><\/p>\n<p><a href=\"https:\/\/bip.wetgiw.gov.pl\/ai\/mapa\/\">Kliknij w map\u0119<\/a><\/p>\n<\/div>\n<div>\n<p>Powiatowy Lekarz Weterynarii w W\u0119growie zach\u0119ca do zapoznania si\u0119 ze szczeg\u00f3\u0142owymi informacjami odno\u015bnie grypy ptak\u00f3w, przepis\u00f3w prawnych oraz informacjami o aktualnej sytuacji epizootycznej odno\u015bnie tej choroby, kt\u00f3re s\u0105 dla Pa\u0144stwa dost\u0119pne na stronie G\u0142\u00f3wnego Lekarza Weterynarii.<\/p>\n<\/div>\n<div>\n<h5>GRYPA PTAK\u00d3W \u2013 ZASADY BIOASEKURACJI:<\/h5>\n<\/div>\n<div>\n<p>W zwi\u0105zku z zagro\u017ceniem wyst\u0105pienia grypy ptak\u00f3w Powiatowy Lekarz Weterynarii przypomina o konieczno\u015bci przestrzegania zasad bioasekuracji w gospodarstwach utrzymuj\u0105cych dr\u00f3b.<\/p>\n<p>Obowi\u0105zki powy\u017csze zosta\u0142y okre\u015blone w:<\/p>\n<\/div>\n<div>\n<p>    <img decoding=\"async\" src=\"\/wp-content\/uploads\/2024\/03\/foto_ulotka.jpg\" alt=\"\"><\/p>\n<p><a href=\"\/wp-content\/uploads\/2024\/01\/KRD_zasady_bioasekuracji.pdf\">Powi\u0119ksz<\/a><\/p>\n<\/div>\n<table>\n<tbody>\n<tr>\n<td>Link do szczeg\u00f3\u0142owych informacjami odno\u015bnie grypy ptak\u00f3w<\/td>\n<td>\n        <a href=\"https:\/\/www.wetgiw.gov.pl\/nadzor-weterynaryjny\/grypa-ptakow\">Kliknij<\/a>\n    <\/td>\n<\/tr>\n<\/tbody>\n<\/table>\n<table>\n<tbody>\n<tr>\n<td>Rozporz\u0105dzeniu MRiRW z dnia 31 marca 2022r. w sprawie zarz\u0105dzenia \u015brodk\u00f3w zwi\u0105zanych z wyst\u0105pieniem wysoce zjadliwej grypy ptak\u00f3w.<\/td>\n<td>\n        <a href=\"https:\/\/wegrow.piw.gov.pl\/wp-content\/uploads\/2024\/02\/Rozporzadzenie-Ministra-Rolnictwa-i-Rozwoju-Wsi-z-dnia-31-marca-2022-r.-w-sprawie-zarzadzenia-srodkow-zwiazanych-z-wystapieniem-wysoce-zjadliwej-grypy-ptakow.pdf\">Pobierz<\/a>\n    <\/td>\n<\/tr>\n<tr>\n<td>Rozporz\u0105dzeniu MRiRW z dnia 9 pa\u017adziernika 2023r. zmieniaj\u0105ce rozporz\u0105dzenie w sprawie zarz\u0105dzenia \u015brodk\u00f3w zwi\u0105zanych z wyst\u0105pieniem wysoce zjadliwej grypy ptak\u00f3w.<\/td>\n<td>\n        <a href=\"\/wp-content\/uploads\/2024\/02\/zmieniajace-rozporzadzenie-w-sprawie-zarzadzenia-srodkow-zwiazanych.pdf\">Pobierz<\/a>\n    <\/td>\n<\/tr>\n<tr>\n<td>WZ\u00d3R PLANU BIOASEKURACJI \u2013 wz\u00f3r pogl\u0105dowy, nale\u017cy dostosowa\u0107 plan do w\u0142asnego gospodarstwa.<\/td>\n<td>\n        <a href=\"https:\/\/wegrow.piw.gov.pl\/wp-content\/uploads\/2024\/01\/Plan-bioasekuracji-WZOR.docx\">Pobierz<\/a>\n    <\/td>\n<\/tr>\n<tr>\n<td>ULOTKA \u2013 ZASADY BIOASEKURACJI W GOSPODARSTWACH UTRZYMUJ\u0104CYCH DR\u00d3B<\/td>\n<td>\n        <a href=\"https:\/\/wegrow.piw.gov.pl\/wp-content\/uploads\/2024\/01\/KRD_zasady_bioasekuracji.pdf\">Pobierz<\/a>\n    <\/td>\n<\/tr>\n<\/tbody>\n<\/table>\n<p><!--more--><br \/>\n<!-- {\"type\":\"layout\",\"children\":[{\"type\":\"section\",\"props\":{\"image_position\":\"center-center\",\"style\":\"default\",\"title_breakpoint\":\"xl\",\"title_position\":\"top-left\",\"title_rotation\":\"left\",\"vertical_align\":\"middle\",\"width\":\"default\"},\"children\":[{\"type\":\"row\",\"children\":[{\"type\":\"column\",\"props\":{\"image_position\":\"center-center\",\"position_sticky_breakpoint\":\"m\"},\"children\":[{\"type\":\"headline\",\"props\":{\"content\":\"\n\n<h3>GRYPA PTAK\\u00d3W<\\\/h3>\",\"text_align\":\"center\",\"title_decoration\":\"line\",\"title_element\":\"h1\"}},{\"type\":\"text\",\"props\":{\"column_breakpoint\":\"m\",\"content\":\"\n\n<p>Zaka\\u017ana i zara\\u017aliwa wirusowa choroba ptak\\u00f3w wywo\\u0142ana przez wirusy grypy (influenzy) typu A (Influenzavirus A), nale\\u017c\\u0105ce do rodziny Orthomyxoviridae \\u2013 jeden z najbardziej zmiennych wirus\\u00f3w w przyrodzie. Choroba posiadaj\\u0105ca potencja\\u0142 zoonotyczny.<br \\\/>Obraz kliniczny u ptak\\u00f3w jest bardzo r\\u00f3\\u017cnorodny, od zaka\\u017ce\\u0144 bezobjawowych, po chorob\\u0119 o bardzo gwa\\u0142townym, systemowym przebiegu i wysokiej \\u015bmiertelno\\u015bci .<br \\\/>Wirusy grypy charakteryzuj\\u0105 si\\u0119 du\\u017cym stopniem zmienno\\u015bci genetycznej, a to sprawia, \\u017ce skuteczno\\u015b\\u0107 szczepionek jest bardzo ograniczona.<br \\\/>Grypa ptak\\u00f3w jest wirusow\\u0105 chorob\\u0105 drobiu o bardzo du\\u017cym znaczeniu ekonomicznym.<\\\/p>\",\"margin\":\"default\"}},{\"type\":\"text\",\"props\":{\"column_breakpoint\":\"m\",\"content\":\"\n\n<h5>AKTUALNA SYTUACJA W POLSCE \\u2013 MAPA OGNISK<\\\/h5>\",\"margin\":\"default\"}},{\"type\":\"gallery\",\"props\":{\"filter_align\":\"left\",\"filter_all\":true,\"filter_grid_breakpoint\":\"m\",\"filter_grid_width\":\"auto\",\"filter_position\":\"top\",\"filter_style\":\"tab\",\"grid_default\":\"1\",\"grid_large\":\"1\",\"grid_medium\":\"1\",\"grid_small\":\"1\",\"grid_xlarge\":\"1\",\"item_animation\":true,\"link_style\":\"default\",\"link_text\":\"Kliknij w map\\u0119\",\"margin\":\"default\",\"meta_align\":\"below-title\",\"meta_element\":\"div\",\"meta_style\":\"text-meta\",\"overlay_hover\":true,\"overlay_mode\":\"cover\",\"overlay_position\":\"center\",\"overlay_style\":\"overlay-primary\",\"overlay_transition\":\"fade\",\"show_content\":true,\"show_hover_image\":true,\"show_link\":true,\"show_meta\":true,\"show_title\":true,\"text_align\":\"center\",\"text_color\":\"light\",\"title_element\":\"h3\",\"title_hover_style\":\"reset\"},\"children\":[{\"type\":\"gallery_item\",\"props\":{\"image\":\"wp-content\\\/uploads\\\/2024\\\/02\\\/mapa_grypa_ptakow.png\",\"link\":\"https:\\\/\\\/bip.wetgiw.gov.pl\\\/ai\\\/mapa\\\/\",\"title\":\"\"}}]},{\"type\":\"text\",\"props\":{\"column_breakpoint\":\"m\",\"content\":\"\n\n<p>Powiatowy Lekarz Weterynarii w W\\u0119growie zach\\u0119ca do zapoznania si\\u0119 ze szczeg\\u00f3\\u0142owymi informacjami odno\\u015bnie grypy ptak\\u00f3w, przepis\\u00f3w prawnych oraz informacjami o aktualnej sytuacji epizootycznej odno\\u015bnie tej choroby, kt\\u00f3re s\\u0105 dla Pa\\u0144stwa dost\\u0119pne na stronie G\\u0142\\u00f3wnego Lekarza Weterynarii.<\\\/p>\",\"margin\":\"default\"}}]}]},{\"type\":\"row\",\"props\":{\"layout\":\"2-3,1-3\"},\"children\":[{\"type\":\"column\",\"props\":{\"image_position\":\"center-center\",\"position_sticky_breakpoint\":\"m\",\"width_medium\":\"2-3\"},\"children\":[{\"type\":\"text\",\"props\":{\"column_breakpoint\":\"m\",\"content\":\"\n\n<h5>GRYPA PTAK\\u00d3W \\u2013 ZASADY BIOASEKURACJI:<\\\/h5>\",\"margin\":\"default\"}},{\"type\":\"text\",\"props\":{\"column_breakpoint\":\"m\",\"content\":\"\n\n<p>W zwi\\u0105zku z zagro\\u017ceniem wyst\\u0105pienia grypy ptak\\u00f3w Powiatowy Lekarz Weterynarii przypomina o konieczno\\u015bci przestrzegania zasad bioasekuracji w gospodarstwach utrzymuj\\u0105cych dr\\u00f3b.<\\\/p>\\n\n\n<p>Obowi\\u0105zki powy\\u017csze zosta\\u0142y okre\\u015blone w:<\\\/p>\",\"margin\":\"default\"}}]},{\"type\":\"column\",\"props\":{\"image_position\":\"center-center\",\"position_sticky_breakpoint\":\"m\",\"width_medium\":\"1-3\"},\"children\":[{\"type\":\"gallery\",\"props\":{\"filter_align\":\"left\",\"filter_all\":true,\"filter_grid_breakpoint\":\"m\",\"filter_grid_width\":\"auto\",\"filter_position\":\"top\",\"filter_style\":\"tab\",\"grid_default\":\"1\",\"grid_large\":\"1\",\"grid_medium\":\"1\",\"grid_small\":\"1\",\"grid_xlarge\":\"1\",\"item_animation\":true,\"item_maxwidth\":\"small\",\"lightbox\":false,\"link_style\":\"default\",\"link_target\":true,\"link_text\":\"Powi\\u0119ksz\",\"margin\":\"default\",\"meta_align\":\"below-title\",\"meta_element\":\"div\",\"meta_style\":\"text-meta\",\"overlay_hover\":true,\"overlay_link\":false,\"overlay_mode\":\"cover\",\"overlay_position\":\"center\",\"overlay_style\":\"overlay-primary\",\"overlay_transition\":\"fade\",\"show_content\":true,\"show_hover_image\":true,\"show_link\":true,\"show_meta\":true,\"show_title\":true,\"text_align\":\"center\",\"text_color\":\"light\",\"title_element\":\"h3\",\"title_hover_style\":\"reset\"},\"children\":[{\"type\":\"gallery_item\",\"props\":{\"image\":\"wp-content\\\/uploads\\\/2024\\\/03\\\/foto_ulotka.jpg\",\"link\":\"wp-content\\\/uploads\\\/2024\\\/01\\\/KRD_zasady_bioasekuracji.pdf\",\"title\":\"\"}}]}]}]},{\"type\":\"row\",\"children\":[{\"type\":\"column\",\"props\":{\"image_position\":\"center-center\",\"position_sticky_breakpoint\":\"m\"},\"children\":[{\"name\":\"Lista dokument\\u00f3w\",\"type\":\"table\",\"children\":[{\"type\":\"table_item\",\"props\":{\"content\":\"\",\"link\":\"https:\\\/\\\/www.wetgiw.gov.pl\\\/nadzor-weterynaryjny\\\/grypa-ptakow\",\"meta\":\"\",\"title\":\"Link do szczeg\\u00f3\\u0142owych informacjami odno\\u015bnie grypy ptak\\u00f3w\"}}],\"props\":{\"image_svg_color\":\"emphasis\",\"link_fullwidth\":true,\"link_style\":\"secondary\",\"link_target\":true,\"link_text\":\"Kliknij\",\"margin_remove_top\":false,\"meta_style\":\"\",\"show_content\":false,\"show_image\":true,\"show_link\":true,\"show_meta\":false,\"show_title\":true,\"table_hover\":false,\"table_justify\":true,\"table_last_align\":\"right\",\"table_order\":\"1\",\"table_responsive\":\"responsive\",\"table_size\":\"large\",\"table_style\":\"divider\",\"table_vertical_align\":false,\"table_width_content\":\"medium\",\"table_width_meta\":\"small\",\"table_width_title\":\"medium\",\"text_align\":\"left\",\"text_align_breakpoint\":\"m\",\"text_align_fallback\":\"center\",\"title_style\":\"h4\"}},{\"name\":\"Lista dokument\\u00f3w\",\"type\":\"table\",\"children\":[{\"type\":\"table_item\",\"props\":{\"content\":\"\",\"link\":\"https:\\\/\\\/wegrow.piw.gov.pl\\\/wp-content\\\/uploads\\\/2024\\\/02\\\/Rozporzadzenie-Ministra-Rolnictwa-i-Rozwoju-Wsi-z-dnia-31-marca-2022-r.-w-sprawie-zarzadzenia-srodkow-zwiazanych-z-wystapieniem-wysoce-zjadliwej-grypy-ptakow.pdf\",\"link_text\":\"Pobierz\",\"meta\":\"\",\"title\":\"Rozporz\\u0105dzeniu MRiRW z dnia 31 marca 2022r. w sprawie zarz\\u0105dzenia \\u015brodk\\u00f3w zwi\\u0105zanych z wyst\\u0105pieniem wysoce zjadliwej grypy ptak\\u00f3w.\"}},{\"type\":\"table_item\",\"props\":{\"content\":\"\",\"link\":\"wp-content\\\/uploads\\\/2024\\\/02\\\/zmieniajace-rozporzadzenie-w-sprawie-zarzadzenia-srodkow-zwiazanych.pdf\",\"link_text\":\"Pobierz\",\"meta\":\"\",\"title\":\"Rozporz\\u0105dzeniu MRiRW z dnia 9 pa\\u017adziernika 2023r. zmieniaj\\u0105ce rozporz\\u0105dzenie w sprawie zarz\\u0105dzenia \\u015brodk\\u00f3w zwi\\u0105zanych z wyst\\u0105pieniem wysoce zjadliwej grypy ptak\\u00f3w.\"}},{\"type\":\"table_item\",\"props\":{\"content\":\"\",\"link\":\"https:\\\/\\\/wegrow.piw.gov.pl\\\/wp-content\\\/uploads\\\/2024\\\/01\\\/Plan-bioasekuracji-WZOR.docx\",\"link_text\":\"Pobierz\",\"meta\":\"\",\"title\":\"WZ\\u00d3R PLANU BIOASEKURACJI \\u2013 wz\\u00f3r pogl\\u0105dowy, nale\\u017cy dostosowa\\u0107 plan do w\\u0142asnego gospodarstwa.\"}},{\"type\":\"table_item\",\"props\":{\"content\":\"\",\"link\":\"https:\\\/\\\/wegrow.piw.gov.pl\\\/wp-content\\\/uploads\\\/2024\\\/01\\\/KRD_zasady_bioasekuracji.pdf\",\"link_text\":\"Pobierz\",\"meta\":\"\",\"title\":\"ULOTKA \\u2013 ZASADY BIOASEKURACJI W GOSPODARSTWACH UTRZYMUJ\\u0104CYCH DR\\u00d3B\"}}],\"props\":{\"image_svg_color\":\"emphasis\",\"link_fullwidth\":true,\"link_style\":\"secondary\",\"link_target\":true,\"link_text\":\"Kliknij\",\"margin_remove_top\":false,\"meta_style\":\"\",\"show_content\":false,\"show_image\":true,\"show_link\":true,\"show_meta\":false,\"show_title\":true,\"table_hover\":false,\"table_justify\":true,\"table_last_align\":\"right\",\"table_order\":\"1\",\"table_responsive\":\"responsive\",\"table_size\":\"large\",\"table_style\":\"divider\",\"table_vertical_align\":false,\"table_width_content\":\"medium\",\"table_width_meta\":\"small\",\"table_width_title\":\"medium\",\"text_align\":\"left\",\"text_align_breakpoint\":\"m\",\"text_align_fallback\":\"center\",\"title_style\":\"h4\"}}]}]}]}],\"version\":\"4.3.8\"} --><\/p>\n","protected":false},"excerpt":{"rendered":"<p>GRYPA PTAK\u00d3W Zaka\u017ana i zara\u017aliwa wirusowa choroba ptak\u00f3w wywo\u0142ana przez wirusy grypy (influenzy) typu A (Influenzavirus A), nale\u017c\u0105ce do rodziny Orthomyxoviridae \u2013 jeden z najbardziej zmiennych wirus\u00f3w w przyrodzie. Choroba posiadaj\u0105ca potencja\u0142 zoonotyczny.Obraz kliniczny u ptak\u00f3w jest bardzo r\u00f3\u017cnorodny, od zaka\u017ce\u0144 bezobjawowych, po chorob\u0119 o bardzo gwa\u0142townym, systemowym przebiegu i wysokiej \u015bmiertelno\u015bci .Wirusy grypy charakteryzuj\u0105 [&hellip;]<\/p>\n","protected":false},"author":1,"featured_media":0,"parent":0,"menu_order":0,"comment_status":"closed","ping_status":"closed","template":"","meta":{"footnotes":""},"class_list":["post-442","page","type-page","status-publish","hentry"],"_links":{"self":[{"href":"https:\/\/wegrow.piw.gov.pl\/index.php\/wp-json\/wp\/v2\/pages\/442","targetHints":{"allow":["GET"]}}],"collection":[{"href":"https:\/\/wegrow.piw.gov.pl\/index.php\/wp-json\/wp\/v2\/pages"}],"about":[{"href":"https:\/\/wegrow.piw.gov.pl\/index.php\/wp-json\/wp\/v2\/types\/page"}],"author":[{"embeddable":true,"href":"https:\/\/wegrow.piw.gov.pl\/index.php\/wp-json\/wp\/v2\/users\/1"}],"replies":[{"embeddable":true,"href":"https:\/\/wegrow.piw.gov.pl\/index.php\/wp-json\/wp\/v2\/comments?post=442"}],"version-history":[{"count":47,"href":"https:\/\/wegrow.piw.gov.pl\/index.php\/wp-json\/wp\/v2\/pages\/442\/revisions"}],"predecessor-version":[{"id":1378,"href":"https:\/\/wegrow.piw.gov.pl\/index.php\/wp-json\/wp\/v2\/pages\/442\/revisions\/1378"}],"wp:attachment":[{"href":"https:\/\/wegrow.piw.gov.pl\/index.php\/wp-json\/wp\/v2\/media?parent=442"}],"curies":[{"name":"wp","href":"https:\/\/api.w.org\/{rel}","templated":true}]}}