{"id":332,"date":"2024-01-05T09:24:43","date_gmt":"2024-01-05T08:24:43","guid":{"rendered":"https:\/\/wegrow.piw.gov.pl\/?page_id=332"},"modified":"2024-01-05T09:28:01","modified_gmt":"2024-01-05T08:28:01","slug":"zalatwienie-sprawy","status":"publish","type":"page","link":"https:\/\/wegrow.piw.gov.pl\/index.php\/zalatwienie-sprawy\/","title":{"rendered":"Za\u0142atwienie sprawy"},"content":{"rendered":"<div>\n<h5>Skargi i wnioski mog\u0105 by\u0107 wnoszone pisemnie, telefonicznie lub za pomoc\u0105 telefaksu, poczty elektronicznej, a tak\u017ce ustnie do protoko\u0142u.<br \/>Pracownicy wyznaczeni przez Powiatowego Lekarza Weterynarii przyjmuj\u0105 w sprawach interwencji, skarg i wniosk\u00f3w w dniach i godzinach pracy Inspektoratu.<br \/>Skargi i wnioski wnoszone pisemnie nale\u017cy przesy\u0142a\u0107 na adres :<\/h5>\n<h5><strong>Powiatowy Inspektorat Weterynarii w W\u0119growie<\/strong><br \/><strong>ul. P\u00f3\u0142nocna 1,\u00a007-100 W\u0119gr\u00f3w<\/strong><\/h5>\n<\/div>\n<p><!--more--><br \/>\n<!-- {\"type\":\"layout\",\"children\":[{\"type\":\"section\",\"props\":{\"image_position\":\"center-center\",\"style\":\"default\",\"title_breakpoint\":\"xl\",\"title_position\":\"top-left\",\"title_rotation\":\"left\",\"vertical_align\":\"middle\",\"width\":\"default\"},\"children\":[{\"type\":\"row\",\"children\":[{\"type\":\"column\",\"props\":{\"image_position\":\"center-center\",\"position_sticky_breakpoint\":\"m\"},\"children\":[{\"type\":\"text\",\"props\":{\"column_breakpoint\":\"m\",\"content\":\"\n\n<h5>Skargi i wnioski mog\\u0105 by\\u0107 wnoszone pisemnie, telefonicznie lub za pomoc\\u0105 telefaksu, poczty elektronicznej, a tak\\u017ce ustnie do protoko\\u0142u.<br \\\/>Pracownicy wyznaczeni przez Powiatowego Lekarza Weterynarii przyjmuj\\u0105 w sprawach interwencji, skarg i wniosk\\u00f3w w dniach i godzinach pracy Inspektoratu.<br \\\/>Skargi i wnioski wnoszone pisemnie nale\\u017cy przesy\\u0142a\\u0107 na adres :<\\\/h5>\\n\n\n<h5><strong>Powiatowy Inspektorat Weterynarii w W\\u0119growie<\\\/strong><br \\\/><strong>ul. P\\u00f3\\u0142nocna 1,\\u00a007-100 W\\u0119gr\\u00f3w<\\\/strong><\\\/h5>\",\"margin\":\"default\"}}]}]}]}],\"version\":\"4.2.11\"} --><\/p>\n","protected":false},"excerpt":{"rendered":"<p>Skargi i wnioski mog\u0105 by\u0107 wnoszone pisemnie, telefonicznie lub za pomoc\u0105 telefaksu, poczty elektronicznej, a tak\u017ce ustnie do protoko\u0142u.Pracownicy wyznaczeni przez Powiatowego Lekarza Weterynarii przyjmuj\u0105 w sprawach interwencji, skarg i wniosk\u00f3w w dniach i godzinach pracy Inspektoratu.Skargi i wnioski wnoszone pisemnie nale\u017cy przesy\u0142a\u0107 na adres : Powiatowy Inspektorat Weterynarii w W\u0119growieul. P\u00f3\u0142nocna 1,\u00a007-100 W\u0119gr\u00f3w<\/p>\n","protected":false},"author":1,"featured_media":0,"parent":0,"menu_order":0,"comment_status":"closed","ping_status":"closed","template":"","meta":{"footnotes":""},"class_list":["post-332","page","type-page","status-publish","hentry"],"_links":{"self":[{"href":"https:\/\/wegrow.piw.gov.pl\/index.php\/wp-json\/wp\/v2\/pages\/332","targetHints":{"allow":["GET"]}}],"collection":[{"href":"https:\/\/wegrow.piw.gov.pl\/index.php\/wp-json\/wp\/v2\/pages"}],"about":[{"href":"https:\/\/wegrow.piw.gov.pl\/index.php\/wp-json\/wp\/v2\/types\/page"}],"author":[{"embeddable":true,"href":"https:\/\/wegrow.piw.gov.pl\/index.php\/wp-json\/wp\/v2\/users\/1"}],"replies":[{"embeddable":true,"href":"https:\/\/wegrow.piw.gov.pl\/index.php\/wp-json\/wp\/v2\/comments?post=332"}],"version-history":[{"count":3,"href":"https:\/\/wegrow.piw.gov.pl\/index.php\/wp-json\/wp\/v2\/pages\/332\/revisions"}],"predecessor-version":[{"id":336,"href":"https:\/\/wegrow.piw.gov.pl\/index.php\/wp-json\/wp\/v2\/pages\/332\/revisions\/336"}],"wp:attachment":[{"href":"https:\/\/wegrow.piw.gov.pl\/index.php\/wp-json\/wp\/v2\/media?parent=332"}],"curies":[{"name":"wp","href":"https:\/\/api.w.org\/{rel}","templated":true}]}}