{"id":30,"date":"2023-12-28T18:49:09","date_gmt":"2023-12-28T17:49:09","guid":{"rendered":"https:\/\/wegrow.piw.gov.pl\/?page_id=30"},"modified":"2024-10-03T12:25:40","modified_gmt":"2024-10-03T10:25:40","slug":"zglos-padniecie","status":"publish","type":"page","link":"https:\/\/wegrow.piw.gov.pl\/index.php\/zglos-padniecie\/","title":{"rendered":"Zg\u0142o\u015b padni\u0119cie"},"content":{"rendered":"<p>\n    <a href=\"\/index.php\/rejestr-padlych-sztuk-bydla-owiec-i-koz\/\">Rejestr pad\u0142ych sztuk byd\u0142a, owiec i k\u00f3z<\/a>\n<\/p>\n<p>\n    <a href=\"\/index.php\/rejestr-padlych-sztuk-trzoda-chlewna\/\">Rejestr pad\u0142ych sztuk &#8211; trzoda chlewna<\/a>\n<\/p>\n<p><!--more--><br \/>\n<!-- {\"type\":\"layout\",\"children\":[{\"type\":\"section\",\"props\":{\"image_position\":\"center-center\",\"style\":\"default\",\"title_breakpoint\":\"xl\",\"title_position\":\"top-left\",\"title_rotation\":\"left\",\"vertical_align\":\"middle\",\"width\":\"default\"},\"children\":[{\"type\":\"row\",\"children\":[{\"type\":\"column\",\"props\":{\"image_position\":\"center-center\",\"position_sticky_breakpoint\":\"m\",\"width_medium\":\"1-2\"},\"children\":[{\"type\":\"button\",\"props\":{\"grid_column_gap\":\"small\",\"grid_row_gap\":\"small\",\"margin\":\"default\"},\"children\":[{\"type\":\"button_item\",\"props\":{\"button_style\":\"default\",\"content\":\"Rejestr pad\\u0142ych sztuk byd\\u0142a, owiec i k\\u00f3z\",\"icon_align\":\"left\",\"link\":\"index.php\\\/rejestr-padlych-sztuk-bydla-owiec-i-koz\\\/\"}}]}]},{\"type\":\"column\",\"props\":{\"image_position\":\"center-center\",\"position_sticky_breakpoint\":\"m\",\"width_medium\":\"1-2\"},\"children\":[{\"type\":\"button\",\"props\":{\"grid_column_gap\":\"small\",\"grid_row_gap\":\"small\",\"margin\":\"default\"},\"children\":[{\"type\":\"button_item\",\"props\":{\"button_style\":\"default\",\"content\":\"Rejestr pad\\u0142ych sztuk - trzoda chlewna\",\"icon_align\":\"left\",\"link\":\"index.php\\\/rejestr-padlych-sztuk-trzoda-chlewna\\\/\"}}]}]}],\"props\":{\"layout\":\"1-2,1-2\"}}]}],\"version\":\"4.4.9\"} --><\/p>\n","protected":false},"excerpt":{"rendered":"<p>Rejestr pad\u0142ych sztuk byd\u0142a, owiec i k\u00f3z Rejestr pad\u0142ych sztuk &#8211; trzoda chlewna<\/p>\n","protected":false},"author":1,"featured_media":0,"parent":0,"menu_order":0,"comment_status":"closed","ping_status":"closed","template":"","meta":{"footnotes":""},"class_list":["post-30","page","type-page","status-publish","hentry"],"_links":{"self":[{"href":"https:\/\/wegrow.piw.gov.pl\/index.php\/wp-json\/wp\/v2\/pages\/30","targetHints":{"allow":["GET"]}}],"collection":[{"href":"https:\/\/wegrow.piw.gov.pl\/index.php\/wp-json\/wp\/v2\/pages"}],"about":[{"href":"https:\/\/wegrow.piw.gov.pl\/index.php\/wp-json\/wp\/v2\/types\/page"}],"author":[{"embeddable":true,"href":"https:\/\/wegrow.piw.gov.pl\/index.php\/wp-json\/wp\/v2\/users\/1"}],"replies":[{"embeddable":true,"href":"https:\/\/wegrow.piw.gov.pl\/index.php\/wp-json\/wp\/v2\/comments?post=30"}],"version-history":[{"count":37,"href":"https:\/\/wegrow.piw.gov.pl\/index.php\/wp-json\/wp\/v2\/pages\/30\/revisions"}],"predecessor-version":[{"id":1527,"href":"https:\/\/wegrow.piw.gov.pl\/index.php\/wp-json\/wp\/v2\/pages\/30\/revisions\/1527"}],"wp:attachment":[{"href":"https:\/\/wegrow.piw.gov.pl\/index.php\/wp-json\/wp\/v2\/media?parent=30"}],"curies":[{"name":"wp","href":"https:\/\/api.w.org\/{rel}","templated":true}]}}