{"id":270,"date":"2023-12-29T09:45:38","date_gmt":"2023-12-29T08:45:38","guid":{"rendered":"https:\/\/wegrow.piw.gov.pl\/?page_id=270"},"modified":"2024-02-20T13:22:49","modified_gmt":"2024-02-20T12:22:49","slug":"choroby-trzody-chlewnej","status":"publish","type":"page","link":"https:\/\/wegrow.piw.gov.pl\/index.php\/choroby-trzody-chlewnej\/","title":{"rendered":"Choroby trzody chlewnej"},"content":{"rendered":"<ul>\n<li>\n        <a href=\"\/index.php\/choroba-aujeszkyego\/\">Choroba Aujeszky&#8217;ego<\/a>\n    <\/li>\n<li>\n        <a href=\"\/index.php\/afrykanski-pomor-swin\/\">Afryka\u0144ski pom\u00f3r \u015bwi\u0144<\/a>\n    <\/li>\n<li>\n        <a href=\"\">OBGRYZANIE OGON\u00d3W<\/a>\n    <\/li>\n<\/ul>\n<p><!--more--><br \/>\n<!-- {\"type\":\"layout\",\"children\":[{\"type\":\"section\",\"props\":{\"image_position\":\"center-center\",\"style\":\"default\",\"title_breakpoint\":\"xl\",\"title_position\":\"top-left\",\"title_rotation\":\"left\",\"vertical_align\":\"middle\",\"width\":\"default\"},\"children\":[{\"type\":\"row\",\"children\":[{\"type\":\"column\",\"props\":{\"image_position\":\"center-center\",\"position_sticky_breakpoint\":\"m\"},\"children\":[{\"name\":\"Button Medium\",\"type\":\"button\",\"children\":[{\"type\":\"button_item\",\"props\":{\"button_style\":\"secondary\",\"content\":\"Choroba Aujeszky'ego\",\"icon_align\":\"left\",\"link\":\"index.php\\\/choroba-aujeszkyego\\\/\"}},{\"type\":\"button_item\",\"props\":{\"button_style\":\"secondary\",\"content\":\"Afryka\\u0144ski pom\\u00f3r \\u015bwi\\u0144\",\"icon_align\":\"left\",\"link\":\"index.php\\\/afrykanski-pomor-swin\\\/\"}},{\"type\":\"button_item\",\"props\":{\"button_style\":\"default\",\"content\":\"OBGRYZANIE OGON\\u00d3W\",\"icon_align\":\"left\"}}],\"props\":{\"block_align\":\"center\",\"button_size\":\"large\",\"fullwidth\":false,\"grid_column_gap\":\"medium\",\"grid_row_gap\":\"medium\",\"margin\":\"default\",\"margin_remove_top\":false,\"text_align\":\"center\"}}]}]}]}],\"version\":\"4.3.4\"} --><\/p>\n","protected":false},"excerpt":{"rendered":"<p>Choroba Aujeszky&#8217;ego Afryka\u0144ski pom\u00f3r \u015bwi\u0144 OBGRYZANIE OGON\u00d3W<\/p>\n","protected":false},"author":1,"featured_media":0,"parent":0,"menu_order":0,"comment_status":"closed","ping_status":"closed","template":"","meta":{"footnotes":""},"class_list":["post-270","page","type-page","status-publish","hentry"],"_links":{"self":[{"href":"https:\/\/wegrow.piw.gov.pl\/index.php\/wp-json\/wp\/v2\/pages\/270","targetHints":{"allow":["GET"]}}],"collection":[{"href":"https:\/\/wegrow.piw.gov.pl\/index.php\/wp-json\/wp\/v2\/pages"}],"about":[{"href":"https:\/\/wegrow.piw.gov.pl\/index.php\/wp-json\/wp\/v2\/types\/page"}],"author":[{"embeddable":true,"href":"https:\/\/wegrow.piw.gov.pl\/index.php\/wp-json\/wp\/v2\/users\/1"}],"replies":[{"embeddable":true,"href":"https:\/\/wegrow.piw.gov.pl\/index.php\/wp-json\/wp\/v2\/comments?post=270"}],"version-history":[{"count":7,"href":"https:\/\/wegrow.piw.gov.pl\/index.php\/wp-json\/wp\/v2\/pages\/270\/revisions"}],"predecessor-version":[{"id":755,"href":"https:\/\/wegrow.piw.gov.pl\/index.php\/wp-json\/wp\/v2\/pages\/270\/revisions\/755"}],"wp:attachment":[{"href":"https:\/\/wegrow.piw.gov.pl\/index.php\/wp-json\/wp\/v2\/media?parent=270"}],"curies":[{"name":"wp","href":"https:\/\/api.w.org\/{rel}","templated":true}]}}