{"id":212,"date":"2023-12-29T09:01:12","date_gmt":"2023-12-29T08:01:12","guid":{"rendered":"https:\/\/wegrow.piw.gov.pl\/?page_id=212"},"modified":"2023-12-29T09:05:39","modified_gmt":"2023-12-29T08:05:39","slug":"rodo","status":"publish","type":"page","link":"https:\/\/wegrow.piw.gov.pl\/index.php\/rodo\/","title":{"rendered":"RODO"},"content":{"rendered":"<div>\n<p>Zgodnie z art. 13 ust. 1 i 2 rozporz\u0105dzenia Parlamentu Europejskiego i Rady (UE) 2016\/679 z dnia 27 kwietnia 2016 r. w sprawie ochrony os\u00f3b fizycznych w zwi\u0105zku z przetwarzaniem danych osobowych i w sprawie swobodnego przep\u0142ywu takich danych oraz uchylenia dyrektywy 95\/46\/WE (og\u00f3lnego rozporz\u0105dzenia o ochronie danych), (dalej: RODO) informujmy, \u017ce:<\/p>\n<ol>\n<li><strong>Administratorem<\/strong> Pa\u0144stwa danych osobowych jest <strong>POWIATOWY LEKARZ WETERYNARII W W\u0118GROWIE<\/strong>, ul. P\u00f3\u0142nocna 1, 07-100 W\u0119gr\u00f3w, \u00a0zwanym dalej: r\u00f3wnie\u017c \u201ePLW\u201d.<\/li>\n<li>Administrator powo\u0142a\u0142 Inspektora Ochrony Danych (IOD), kt\u00f3ry w jego imieniu nadzoruje sfer\u0119 przetwarzania danych osobowych. Z IOD mo\u017cna kontaktowa\u0107 si\u0119 pod adresem email piwet_wegrow@wp.pllub numerem telefonu: (25) 792-24-06. Z inspektorem Ochrony Danych mo\u017cna si\u0119 skontaktowa\u0107 we wszystkich sprawach dotycz\u0105cych przetwarzania danych osobowych oraz korzystania z praw zwi\u0105zanych z przetwarzaniem danych.<\/li>\n<li>Do zakresu dzia\u0142ania PLW nale\u017cy wykonywanie zada\u0144 maj\u0105cych na celu zapewnienie ochrony zdrowia publicznego. Wynikaj\u0105 one z przepis\u00f3w prawa, w szczeg\u00f3lno\u015bci z ustawy z dnia 29 stycznia 2004 r. o Inspekcji Weterynaryjnej (Dz.U. z 2018 r., poz. 36 z p\u00f3\u017an. zm.). Administrator przetwarza Pa\u0144stwa dane osobowe w \u015bci\u015ble okre\u015blonym, minimalnym zakresie niezb\u0119dnym do osi\u0105gni\u0119cia celu, o kt\u00f3rym mowa powy\u017cej.<\/li>\n<li>W szczeg\u00f3lnych sytuacjach Administrator mo\u017ce przekaza\u0107\/powierzy\u0107 Pa\u0144stwa dane innym podmiotom. Podstaw\u0105 przekazania\/powierzenia danych s\u0105 przepisy prawa (np. wymiar sprawiedliwo\u015bci, administracja skarbowa) lub w\u0142a\u015bciwie skonstruowane, zapewniaj\u0105ce bezpiecze\u0144stwo danym osobowym, umowy powierzenia danych do przetwarzania.<\/li>\n<li>Pa\u0144stwa dane osobowe nie b\u0119d\u0105 przekazywane do pa\u0144stwa trzeciego ani organizacji mi\u0119dzynarodowych.\n<ol>\n<li>Dane osobowe przetwarzane przez PLW przechowywane b\u0119d\u0105 przez okres niezb\u0119dny do realizacji celu dla jakiego zosta\u0142y zebrane oraz zgodnie z terminami archiwizacji okre\u015blonymi w przepisach prawa.<\/li>\n<li>Ka\u017cda osoba, z wyj\u0105tkami zastrze\u017conymi przepisami prawa, ma prawo do dost\u0119pu do tre\u015bci danych osobowych jej dotycz\u0105cych, \u017c\u0105dania ich sprostowania, usuni\u0119cia, ograniczenia przetwarzania oraz do wniesienia sprzeciwu wobec przetwarzania.<\/li>\n<li>W trakcie przetwarzania danych nie dochodzi do zautomatyzowanego podejmowania decyzji ani do profilowania. Podanie przez Pa\u0144stwa danych osobowych jest obowi\u0105zkowe, poniewa\u017c wynika z przepis\u00f3w prawa na podstawie, kt\u00f3rych dzia\u0142a PIW. Konsekwencj\u0105 ich niepodania by\u0142by brak mo\u017cliwo\u015bci wykonywania wzajemnych praw i obowi\u0105zk\u00f3w wynikaj\u0105cych z obowi\u0105zuj\u0105cych przepis\u00f3w weterynaryjnych. W przypadku danych osobowych udost\u0119pnionych przez Pa\u0144stwa dobrowolnie, kt\u00f3rych obowi\u0105zek przekazania nie wynika z przepis\u00f3w prawa, przys\u0142uguje Pa\u0144stwu prawo dost\u0119pu do tre\u015bci tych danych, ich sprostowania oraz \u017c\u0105dania ograniczenia ich przetwarzania, a tak\u017ce do ich usuni\u0119cia. Osoba, kt\u00f3rej dane przetwarzane s\u0105 na podstawie zgody wyra\u017conej przez t\u0119 osob\u0119 ma prawo do cofni\u0119cia tej zgody w dowolnym momencie bez wp\u0142ywu na zgodno\u015b\u0107 z prawem przetwarzania, kt\u00f3rego dokonano na podstawie zgody przed jej cofni\u0119ciem.<\/li>\n<li>Maj\u0105 Pa\u0144stwo prawo do wniesienia skargi do Prezesa Urz\u0119du Ochrony Danych Osobowych, je\u017celi uznaj\u0105 Pa\u0144stwo, \u017ce przetwarzanie danych osobowych Pa\u0144stwa dotycz\u0105cych narusza przepisy o ochronie danych osobowych.<\/li>\n<\/ol>\n<\/li>\n<li>Podanie danych osobowych w zakresie wymaganym obowi\u0105zuj\u0105cymi przepisami prawa jest obowi\u0105zkowe (wym\u00f3g ustawowy). W pozosta\u0142ych przypadkach podawanie danych osobowych ma charakter dobrowolny. W celu uzyskania informacji o potencjalnych konsekwencjach niepodania danych, prosimy o zg\u0142oszenie si\u0119 do Inspektora Ochrony Danych lub o kontakt: piwet_wegrow@wp.pl, tel. (25) 792-24-06.<\/li>\n<\/ol>\n<p><strong>Klauzula informacyjna dla os\u00f3b fizycznych wpisywanych do rejestr\u00f3w, wykaz\u00f3w i list prowadzonych przez Inspekcj\u0119 Weterynaryjn\u0105<\/strong><\/p>\n<p>Na podstawie art. 13 ust. 1 i 2 rozporz\u0105dzenia Parlamentu Europejskiego <br \/>i Rady (UE) 2016\/679 z dnia 27 kwietnia 2016 r. w sprawie ochrony os\u00f3b fizycznych w zwi\u0105zku z przetwarzaniem danych osobowych i w sprawie swobodnego przep\u0142ywu takich danych oraz uchylenia dyrektywy 95\/46\/WE (og\u00f3lnego rozporz\u0105dzenia o ochronie danych), Dz.U.UE.L.2016.119.1 (dalej: RODO), uprzejmie <br \/>informujemy, \u017ce:<\/p>\n<p>1) wsp\u00f3\u0142administratorem danych osobowych:<\/p>\n<p>a) w ramach zada\u0144 realizowanych przez G\u0142\u00f3wnego Lekarza Weterynarii jest G\u0142\u00f3wny Lekarz Weterynarii (adres siedziby: ul. Wsp\u00f3lna 30, 00-930 Warszawa, kontakt: e-mail: wet@wetgiw.gov.pl, tel: (48) 22 623 17 17, 22 623 20 89),<\/p>\n<ol>\n<li>b) w ramach zada\u0144 realizowanych przez Wojew\u00f3dzkiego Lekarza Weterynarii w Siedlcach jest Wojew\u00f3dzki Lekarz Weterynarii w Siedlcach,<\/li>\n<li>c) w ramach zada\u0144 realizowanych przez Powiatowego Lekarza Weterynarii w W\u0119growie jest Powiatowy Lekarz Weterynarii w W\u0119growie, kt\u00f3ry wykonuje obowi\u0105zki informacyjne, o kt\u00f3rych mowa w art. 13 i 14 RODO;<\/li>\n<\/ol>\n<p>2) w sprawach z zakresu ochrony danych osobowych przetwarzanych <br \/>mo\u017cliwy jest kontakt pod adresem mailowym lub telefonicznym:<\/p>\n<ol>\n<li>a) w G\u0142\u00f3wnym Inspektoracie Weterynarii: <a href=\"mailto:iod@wetgiw.gov.pl\">iod@wetgiw.gov.pl<\/a>., tel. 22\u00a0623 24 81,<\/li>\n<li>b) w Wojew\u00f3dzkim Inspektoracie Weterynarii w Siedlcach: <a href=\"mailto:wiw@wiw.mazowsze.pl\">wiw@wiw.mazowsze.pl<\/a>, tel. 25\u00a0632 64 59,<\/li>\n<li>c) w Powiatowym Inspektoracie Weterynarii w W\u0119growie: <a href=\"mailto:piwet_wegrow@wp.pl\">piwet_wegrow@wp.pl<\/a>, tel. 25\u00a0792 24 06,<\/li>\n<\/ol>\n<p>3) dane osobowe przetwarzane b\u0119d\u0105 w celu prowadzenia:<\/p>\n<ol>\n<li>a) rejestr\u00f3w z dzia\u0142u \u015brodk\u00f3w spo\u017cywczych pochodzenia zwierz\u0119cego:<\/li>\n<\/ol>\n<p>&#8211; podmioty zarejestrowane, podmioty zatwierdzone, sprzeda\u017c bezpo\u015brednia &#8211; na podstawie art. 20 ust. 1 Ustawy z dnia 16.12.2005 r. o produktach pochodzenia zwierz\u0119cego, art. 31 Rozporz\u0105dzenia (WE) nr 882\/2004 Parlamentu Europejskiego i Rady z dnia 29 kwietnia 2004 r.;<\/p>\n<ol>\n<li>b) rejestr\u00f3w z dzia\u0142u pasz i utylizacji:<\/li>\n<\/ol>\n<p>&#8211; rejestr zak\u0142ad\u00f3w wytwarzaj\u0105cych lub wprowadzaj\u0105cych do obrotu pasze, zatwierdzonych lub zarejestrowanych na podstawie\u00a0 Rozporz\u0105dzenia (WE) nr 183\/2005 Parlamentu Europejskiego i Rady z dnia 12 stycznia 2005 r. ustanawiaj\u0105cego wymagania dotycz\u0105ce higieny pasz,<\/p>\n<p>&#8211; lista zak\u0142ad\u00f3w posiadaj\u0105cych zezwolenie na stosowanie materia\u0142\u00f3w paszowych pochodzenia zwierz\u0119cego na podstawie \u00a0Rozporz\u0105dzenie Parlamentu Europejskiego i Rady (WE) nr 999\/2001 z dnia 22 maja 2001 r.,<\/p>\n<p>&#8211; rejestr podmiot\u00f3w utylizacyjnych na podstawie Rozporz\u0105dzenia Parlamentu Europejskiego i Rady (WE) nr 1069\/2009 z dnia 21 pa\u017adziernika 2009 r. okre\u015blaj\u0105cego przepisy sanitarne dotycz\u0105ce produkt\u00f3w ubocznych pochodzenia zwierz\u0119cego, nieprzeznaczonych do spo\u017cycia przez ludzi.<\/p>\n<ol>\n<li>c) rejestr\u00f3w z dzia\u0142u zdrowia i ochrony zwierz\u0105t:<\/li>\n<\/ol>\n<p>&#8211; rejestr podmiot\u00f3w prowadz\u0105cych dzia\u0142alno\u015b\u0107 nadzorowan\u0105 o kt\u00f3rych mowa w art. 1 pkt 1 lit a-l, n, p.; art. 11, ust. 1 (Dz.U. 2017 poz. 1855 z p\u00f3\u017an zm.)\u00a0 Ustawy o ochronie zdrowia zwierz\u0105t oraz zwalczaniu chor\u00f3b zaka\u017anych zwierz\u0105t,<\/p>\n<p>&#8211; wykaz gospodarstw do kontroli dobrostanu na podstawie art. 13 ust. 1 pkt. 1 Ustawy z dnia 29 stycznia 2004 r. o Inspekcji Weterynaryjnej (Dz.U. z 2007 r. nr 121, poz. 842, z p\u00f3\u017an. zm.),<\/p>\n<p>&#8211; harmonogram kontroli wytypowanych gospodarstw i siedzib stad do kontroli CC oraz kontroli IRZ zgodnie z Instrukcj\u0105 GLW Nr GIWpr.02010-17\/2015 z dnia 13 listopada 2015 r.<\/p>\n<p>4) dane osobowe s\u0105 przetwarzane przez okres wymagany prawem, okre\u015blony <br \/>w szczeg\u00f3lno\u015bci na podstawie przepis\u00f3w o narodowym zasobie archiwalnym<br \/>\u00a0i\u00a0 archiwach;<\/p>\n<p>5) w przypadku publicznego charakteru rejestru\/wykazu\/listy dane te s\u0105 powszechnie dost\u0119pne, w innych przypadkach dane osobowe nie s\u0105 przekazywane innym odbiorcom;<\/p>\n<p>6) ka\u017cdy, kt\u00f3rego dane osobowe s\u0105 przetwarzane, ma prawo do \u017c\u0105dania dost\u0119pu do swoich danych osobowych, ich sprostowania lub ograniczenia przetwarzania;<\/p>\n<p>7) maj\u0105 Pa\u0144stwo prawo wnie\u015b\u0107 skarg\u0119 do organu nadzorczego, kt\u00f3rym w Polsce jest Prezes Urz\u0119du Ochrony Danych Osobowych (adres siedziby: ul. Stawki 2, 00-193 Warszawa);<\/p>\n<p>8) podanie danych osobowych jest konieczne w celu realizacji sprawy, z kt\u00f3r\u0105 zwraca si\u0119 osoba fizyczna do organu Inspekcji Weterynaryjnej;<\/p>\n<p>9) \u00a0Inspekcja Weterynaryjna nie posiada uprawnie\u0144 do wydawania decyzji, o kt\u00f3rej mowa w art. 22 ust. 1 RODO, co oznacza, \u017ce \u017cadne rozstrzygni\u0119cia dotycz\u0105ce Pa\u0144stwa nie b\u0119d\u0105 zapada\u0107 automatycznie oraz nie b\u0119d\u0105 tworzone Pa\u0144stwa profile.<\/p>\n<\/div>\n<p><!--more--><br \/>\n<!-- {\"type\":\"layout\",\"children\":[{\"type\":\"section\",\"props\":{\"image_position\":\"center-center\",\"style\":\"default\",\"title_breakpoint\":\"xl\",\"title_position\":\"top-left\",\"title_rotation\":\"left\",\"vertical_align\":\"middle\",\"width\":\"default\"},\"children\":[{\"type\":\"row\",\"children\":[{\"type\":\"column\",\"props\":{\"image_position\":\"center-center\",\"position_sticky_breakpoint\":\"m\"},\"children\":[{\"type\":\"text\",\"props\":{\"column_breakpoint\":\"m\",\"content\":\"\n\n<p>Zgodnie z art. 13 ust. 1 i 2 rozporz\\u0105dzenia Parlamentu Europejskiego i Rady (UE) 2016\\\/679 z dnia 27 kwietnia 2016 r. w sprawie ochrony os\\u00f3b fizycznych w zwi\\u0105zku z przetwarzaniem danych osobowych i w sprawie swobodnego przep\\u0142ywu takich danych oraz uchylenia dyrektywy 95\\\/46\\\/WE (og\\u00f3lnego rozporz\\u0105dzenia o ochronie danych), (dalej: RODO) informujmy, \\u017ce:<\\\/p>\\n\n\n<ol>\\n\n\n<li><strong>Administratorem<\\\/strong> Pa\\u0144stwa danych osobowych jest <strong>POWIATOWY LEKARZ WETERYNARII W W\\u0118GROWIE<\\\/strong>, ul. P\\u00f3\\u0142nocna 1, 07-100 W\\u0119gr\\u00f3w, \\u00a0zwanym dalej: r\\u00f3wnie\\u017c \\u201ePLW\\u201d.<\\\/li>\\n\n\n<li>Administrator powo\\u0142a\\u0142 Inspektora Ochrony Danych (IOD), kt\\u00f3ry w jego imieniu nadzoruje sfer\\u0119 przetwarzania danych osobowych. Z IOD mo\\u017cna kontaktowa\\u0107 si\\u0119 pod adresem email piwet_wegrow@wp.pllub numerem telefonu: (25) 792-24-06. Z inspektorem Ochrony Danych mo\\u017cna si\\u0119 skontaktowa\\u0107 we wszystkich sprawach dotycz\\u0105cych przetwarzania danych osobowych oraz korzystania z praw zwi\\u0105zanych z przetwarzaniem danych.<\\\/li>\\n\n\n<li>Do zakresu dzia\\u0142ania PLW nale\\u017cy wykonywanie zada\\u0144 maj\\u0105cych na celu zapewnienie ochrony zdrowia publicznego. Wynikaj\\u0105 one z przepis\\u00f3w prawa, w szczeg\\u00f3lno\\u015bci z ustawy z dnia 29 stycznia 2004 r. o Inspekcji Weterynaryjnej (Dz.U. z 2018 r., poz. 36 z p\\u00f3\\u017an. zm.). Administrator przetwarza Pa\\u0144stwa dane osobowe w \\u015bci\\u015ble okre\\u015blonym, minimalnym zakresie niezb\\u0119dnym do osi\\u0105gni\\u0119cia celu, o kt\\u00f3rym mowa powy\\u017cej.<\\\/li>\\n\n\n<li>W szczeg\\u00f3lnych sytuacjach Administrator mo\\u017ce przekaza\\u0107\\\/powierzy\\u0107 Pa\\u0144stwa dane innym podmiotom. Podstaw\\u0105 przekazania\\\/powierzenia danych s\\u0105 przepisy prawa (np. wymiar sprawiedliwo\\u015bci, administracja skarbowa) lub w\\u0142a\\u015bciwie skonstruowane, zapewniaj\\u0105ce bezpiecze\\u0144stwo danym osobowym, umowy powierzenia danych do przetwarzania.<\\\/li>\\n\n\n<li>Pa\\u0144stwa dane osobowe nie b\\u0119d\\u0105 przekazywane do pa\\u0144stwa trzeciego ani organizacji mi\\u0119dzynarodowych.\\n\n\n<ol>\\n\n\n<li>Dane osobowe przetwarzane przez PLW przechowywane b\\u0119d\\u0105 przez okres niezb\\u0119dny do realizacji celu dla jakiego zosta\\u0142y zebrane oraz zgodnie z terminami archiwizacji okre\\u015blonymi w przepisach prawa.<\\\/li>\\n\n\n<li>Ka\\u017cda osoba, z wyj\\u0105tkami zastrze\\u017conymi przepisami prawa, ma prawo do dost\\u0119pu do tre\\u015bci danych osobowych jej dotycz\\u0105cych, \\u017c\\u0105dania ich sprostowania, usuni\\u0119cia, ograniczenia przetwarzania oraz do wniesienia sprzeciwu wobec przetwarzania.<\\\/li>\\n\n\n<li>W trakcie przetwarzania danych nie dochodzi do zautomatyzowanego podejmowania decyzji ani do profilowania. Podanie przez Pa\\u0144stwa danych osobowych jest obowi\\u0105zkowe, poniewa\\u017c wynika z przepis\\u00f3w prawa na podstawie, kt\\u00f3rych dzia\\u0142a PIW. Konsekwencj\\u0105 ich niepodania by\\u0142by brak mo\\u017cliwo\\u015bci wykonywania wzajemnych praw i obowi\\u0105zk\\u00f3w wynikaj\\u0105cych z obowi\\u0105zuj\\u0105cych przepis\\u00f3w weterynaryjnych. W przypadku danych osobowych udost\\u0119pnionych przez Pa\\u0144stwa dobrowolnie, kt\\u00f3rych obowi\\u0105zek przekazania nie wynika z przepis\\u00f3w prawa, przys\\u0142uguje Pa\\u0144stwu prawo dost\\u0119pu do tre\\u015bci tych danych, ich sprostowania oraz \\u017c\\u0105dania ograniczenia ich przetwarzania, a tak\\u017ce do ich usuni\\u0119cia. Osoba, kt\\u00f3rej dane przetwarzane s\\u0105 na podstawie zgody wyra\\u017conej przez t\\u0119 osob\\u0119 ma prawo do cofni\\u0119cia tej zgody w dowolnym momencie bez wp\\u0142ywu na zgodno\\u015b\\u0107 z prawem przetwarzania, kt\\u00f3rego dokonano na podstawie zgody przed jej cofni\\u0119ciem.<\\\/li>\\n\n\n<li>Maj\\u0105 Pa\\u0144stwo prawo do wniesienia skargi do Prezesa Urz\\u0119du Ochrony Danych Osobowych, je\\u017celi uznaj\\u0105 Pa\\u0144stwo, \\u017ce przetwarzanie danych osobowych Pa\\u0144stwa dotycz\\u0105cych narusza przepisy o ochronie danych osobowych.<\\\/li>\\n<\\\/ol>\\n<\\\/li>\\n\n\n<li>Podanie danych osobowych w zakresie wymaganym obowi\\u0105zuj\\u0105cymi przepisami prawa jest obowi\\u0105zkowe (wym\\u00f3g ustawowy). W pozosta\\u0142ych przypadkach podawanie danych osobowych ma charakter dobrowolny. W celu uzyskania informacji o potencjalnych konsekwencjach niepodania danych, prosimy o zg\\u0142oszenie si\\u0119 do Inspektora Ochrony Danych lub o kontakt: piwet_wegrow@wp.pl, tel. (25) 792-24-06.<\\\/li>\\n<\\\/ol>\\n\n\n<p><strong>Klauzula informacyjna dla os\\u00f3b fizycznych wpisywanych do rejestr\\u00f3w, wykaz\\u00f3w i list prowadzonych przez Inspekcj\\u0119 Weterynaryjn\\u0105<\\\/strong><\\\/p>\\n\n\n<p>Na podstawie art. 13 ust. 1 i 2 rozporz\\u0105dzenia Parlamentu Europejskiego <br \\\/>i Rady (UE) 2016\\\/679 z dnia 27 kwietnia 2016 r. w sprawie ochrony os\\u00f3b fizycznych w zwi\\u0105zku z przetwarzaniem danych osobowych i w sprawie swobodnego przep\\u0142ywu takich danych oraz uchylenia dyrektywy 95\\\/46\\\/WE (og\\u00f3lnego rozporz\\u0105dzenia o ochronie danych), Dz.U.UE.L.2016.119.1 (dalej: RODO), uprzejmie <br \\\/>informujemy, \\u017ce:<\\\/p>\\n\n\n<p>1) wsp\\u00f3\\u0142administratorem danych osobowych:<\\\/p>\\n\n\n<p>a) w ramach zada\\u0144 realizowanych przez G\\u0142\\u00f3wnego Lekarza Weterynarii jest G\\u0142\\u00f3wny Lekarz Weterynarii (adres siedziby: ul. Wsp\\u00f3lna 30, 00-930 Warszawa, kontakt: e-mail: wet@wetgiw.gov.pl, tel: (48) 22 623 17 17, 22 623 20 89),<\\\/p>\\n\n\n<ol>\\n\n\n<li>b) w ramach zada\\u0144 realizowanych przez Wojew\\u00f3dzkiego Lekarza Weterynarii w Siedlcach jest Wojew\\u00f3dzki Lekarz Weterynarii w Siedlcach,<\\\/li>\\n\n\n<li>c) w ramach zada\\u0144 realizowanych przez Powiatowego Lekarza Weterynarii w W\\u0119growie jest Powiatowy Lekarz Weterynarii w W\\u0119growie, kt\\u00f3ry wykonuje obowi\\u0105zki informacyjne, o kt\\u00f3rych mowa w art. 13 i 14 RODO;<\\\/li>\\n<\\\/ol>\\n\n\n<p>2) w sprawach z zakresu ochrony danych osobowych przetwarzanych <br \\\/>mo\\u017cliwy jest kontakt pod adresem mailowym lub telefonicznym:<\\\/p>\\n\n\n<ol>\\n\n\n<li>a) w G\\u0142\\u00f3wnym Inspektoracie Weterynarii: <a href=\\\"mailto:iod@wetgiw.gov.pl\\\">iod@wetgiw.gov.pl<\\\/a>., tel. 22\\u00a0623 24 81,<\\\/li>\\n\n\n<li>b) w Wojew\\u00f3dzkim Inspektoracie Weterynarii w Siedlcach: <a href=\\\"mailto:wiw@wiw.mazowsze.pl\\\">wiw@wiw.mazowsze.pl<\\\/a>, tel. 25\\u00a0632 64 59,<\\\/li>\\n\n\n<li>c) w Powiatowym Inspektoracie Weterynarii w W\\u0119growie: <a href=\\\"mailto:piwet_wegrow@wp.pl\\\">piwet_wegrow@wp.pl<\\\/a>, tel. 25\\u00a0792 24 06,<\\\/li>\\n<\\\/ol>\\n\n\n<p>3) dane osobowe przetwarzane b\\u0119d\\u0105 w celu prowadzenia:<\\\/p>\\n\n\n<ol>\\n\n\n<li>a) rejestr\\u00f3w z dzia\\u0142u \\u015brodk\\u00f3w spo\\u017cywczych pochodzenia zwierz\\u0119cego:<\\\/li>\\n<\\\/ol>\\n\n\n<p>- podmioty zarejestrowane, podmioty zatwierdzone, sprzeda\\u017c bezpo\\u015brednia - na podstawie art. 20 ust. 1 Ustawy z dnia 16.12.2005 r. o produktach pochodzenia zwierz\\u0119cego, art. 31 Rozporz\\u0105dzenia (WE) nr 882\\\/2004 Parlamentu Europejskiego i Rady z dnia 29 kwietnia 2004 r.;<\\\/p>\\n\n\n<ol>\\n\n\n<li>b) rejestr\\u00f3w z dzia\\u0142u pasz i utylizacji:<\\\/li>\\n<\\\/ol>\\n\n\n<p>- rejestr zak\\u0142ad\\u00f3w wytwarzaj\\u0105cych lub wprowadzaj\\u0105cych do obrotu pasze, zatwierdzonych lub zarejestrowanych na podstawie\\u00a0 Rozporz\\u0105dzenia (WE) nr 183\\\/2005 Parlamentu Europejskiego i Rady z dnia 12 stycznia 2005 r. ustanawiaj\\u0105cego wymagania dotycz\\u0105ce higieny pasz,<\\\/p>\\n\n\n<p>- lista zak\\u0142ad\\u00f3w posiadaj\\u0105cych zezwolenie na stosowanie materia\\u0142\\u00f3w paszowych pochodzenia zwierz\\u0119cego na podstawie \\u00a0Rozporz\\u0105dzenie Parlamentu Europejskiego i Rady (WE) nr 999\\\/2001 z dnia 22 maja 2001 r.,<\\\/p>\\n\n\n<p>- rejestr podmiot\\u00f3w utylizacyjnych na podstawie Rozporz\\u0105dzenia Parlamentu Europejskiego i Rady (WE) nr 1069\\\/2009 z dnia 21 pa\\u017adziernika 2009 r. okre\\u015blaj\\u0105cego przepisy sanitarne dotycz\\u0105ce produkt\\u00f3w ubocznych pochodzenia zwierz\\u0119cego, nieprzeznaczonych do spo\\u017cycia przez ludzi.<\\\/p>\\n\n\n<ol>\\n\n\n<li>c) rejestr\\u00f3w z dzia\\u0142u zdrowia i ochrony zwierz\\u0105t:<\\\/li>\\n<\\\/ol>\\n\n\n<p>- rejestr podmiot\\u00f3w prowadz\\u0105cych dzia\\u0142alno\\u015b\\u0107 nadzorowan\\u0105 o kt\\u00f3rych mowa w art. 1 pkt 1 lit a-l, n, p.; art. 11, ust. 1 (Dz.U. 2017 poz. 1855 z p\\u00f3\\u017an zm.)\\u00a0 Ustawy o ochronie zdrowia zwierz\\u0105t oraz zwalczaniu chor\\u00f3b zaka\\u017anych zwierz\\u0105t,<\\\/p>\\n\n\n<p>- wykaz gospodarstw do kontroli dobrostanu na podstawie art. 13 ust. 1 pkt. 1 Ustawy z dnia 29 stycznia 2004 r. o Inspekcji Weterynaryjnej (Dz.U. z 2007 r. nr 121, poz. 842, z p\\u00f3\\u017an. zm.),<\\\/p>\\n\n\n<p>- harmonogram kontroli wytypowanych gospodarstw i siedzib stad do kontroli CC oraz kontroli IRZ zgodnie z Instrukcj\\u0105 GLW Nr GIWpr.02010-17\\\/2015 z dnia 13 listopada 2015 r.<\\\/p>\\n\n\n<p>4) dane osobowe s\\u0105 przetwarzane przez okres wymagany prawem, okre\\u015blony <br \\\/>w szczeg\\u00f3lno\\u015bci na podstawie przepis\\u00f3w o narodowym zasobie archiwalnym<br \\\/>\\u00a0i\\u00a0 archiwach;<\\\/p>\\n\n\n<p>5) w przypadku publicznego charakteru rejestru\\\/wykazu\\\/listy dane te s\\u0105 powszechnie dost\\u0119pne, w innych przypadkach dane osobowe nie s\\u0105 przekazywane innym odbiorcom;<\\\/p>\\n\n\n<p>6) ka\\u017cdy, kt\\u00f3rego dane osobowe s\\u0105 przetwarzane, ma prawo do \\u017c\\u0105dania dost\\u0119pu do swoich danych osobowych, ich sprostowania lub ograniczenia przetwarzania;<\\\/p>\\n\n\n<p>7) maj\\u0105 Pa\\u0144stwo prawo wnie\\u015b\\u0107 skarg\\u0119 do organu nadzorczego, kt\\u00f3rym w Polsce jest Prezes Urz\\u0119du Ochrony Danych Osobowych (adres siedziby: ul. Stawki 2, 00-193 Warszawa);<\\\/p>\\n\n\n<p>8) podanie danych osobowych jest konieczne w celu realizacji sprawy, z kt\\u00f3r\\u0105 zwraca si\\u0119 osoba fizyczna do organu Inspekcji Weterynaryjnej;<\\\/p>\\n\n\n<p>9) \\u00a0Inspekcja Weterynaryjna nie posiada uprawnie\\u0144 do wydawania decyzji, o kt\\u00f3rej mowa w art. 22 ust. 1 RODO, co oznacza, \\u017ce \\u017cadne rozstrzygni\\u0119cia dotycz\\u0105ce Pa\\u0144stwa nie b\\u0119d\\u0105 zapada\\u0107 automatycznie oraz nie b\\u0119d\\u0105 tworzone Pa\\u0144stwa profile.<\\\/p>\",\"margin\":\"default\"}}]}]}]}],\"version\":\"4.2.11\"} --><\/p>\n","protected":false},"excerpt":{"rendered":"<p>Zgodnie z art. 13 ust. 1 i 2 rozporz\u0105dzenia Parlamentu Europejskiego i Rady (UE) 2016\/679 z dnia 27 kwietnia 2016 r. w sprawie ochrony os\u00f3b fizycznych w zwi\u0105zku z przetwarzaniem danych osobowych i w sprawie swobodnego przep\u0142ywu takich danych oraz uchylenia dyrektywy 95\/46\/WE (og\u00f3lnego rozporz\u0105dzenia o ochronie danych), (dalej: RODO) informujmy, \u017ce: Administratorem Pa\u0144stwa danych [&hellip;]<\/p>\n","protected":false},"author":1,"featured_media":0,"parent":0,"menu_order":0,"comment_status":"closed","ping_status":"closed","template":"","meta":{"footnotes":""},"class_list":["post-212","page","type-page","status-publish","hentry"],"_links":{"self":[{"href":"https:\/\/wegrow.piw.gov.pl\/index.php\/wp-json\/wp\/v2\/pages\/212","targetHints":{"allow":["GET"]}}],"collection":[{"href":"https:\/\/wegrow.piw.gov.pl\/index.php\/wp-json\/wp\/v2\/pages"}],"about":[{"href":"https:\/\/wegrow.piw.gov.pl\/index.php\/wp-json\/wp\/v2\/types\/page"}],"author":[{"embeddable":true,"href":"https:\/\/wegrow.piw.gov.pl\/index.php\/wp-json\/wp\/v2\/users\/1"}],"replies":[{"embeddable":true,"href":"https:\/\/wegrow.piw.gov.pl\/index.php\/wp-json\/wp\/v2\/comments?post=212"}],"version-history":[{"count":2,"href":"https:\/\/wegrow.piw.gov.pl\/index.php\/wp-json\/wp\/v2\/pages\/212\/revisions"}],"predecessor-version":[{"id":214,"href":"https:\/\/wegrow.piw.gov.pl\/index.php\/wp-json\/wp\/v2\/pages\/212\/revisions\/214"}],"wp:attachment":[{"href":"https:\/\/wegrow.piw.gov.pl\/index.php\/wp-json\/wp\/v2\/media?parent=212"}],"curies":[{"name":"wp","href":"https:\/\/api.w.org\/{rel}","templated":true}]}}